{"id":1830,"date":"2024-10-24T17:29:39","date_gmt":"2024-10-24T17:29:39","guid":{"rendered":"https:\/\/ditib-heidenheim.de\/?page_id=1830"},"modified":"2024-11-20T18:44:07","modified_gmt":"2024-11-20T18:44:07","slug":"besonderheiten","status":"publish","type":"page","link":"https:\/\/ditib-heidenheim.de\/tr\/besonderheiten\/","title":{"rendered":"Caminin \u00f6zellikleri"},"content":{"rendered":"<div data-elementor-type=\"wp-post\" data-elementor-id=\"1830\" class=\"elementor elementor-1830\">\n\t\t\t\t<div class=\"elementor-element elementor-element-cbcf082 e-flex e-con-boxed e-con e-parent\" data-id=\"cbcf082\" data-element_type=\"container\" data-e-type=\"container\" data-settings=\"{&quot;background_background&quot;:&quot;classic&quot;}\">\n\t\t\t\t\t<div class=\"e-con-inner\">\n\t\t<div class=\"elementor-element elementor-element-53c6f6a e-con-full e-flex e-con e-child\" data-id=\"53c6f6a\" data-element_type=\"container\" data-e-type=\"container\">\n\t\t\t\t<div class=\"elementor-element elementor-element-60f397f elementor-widget elementor-widget-heading\" data-id=\"60f397f\" data-element_type=\"widget\" data-e-type=\"widget\" data-widget_type=\"heading.default\">\n\t\t\t\t\t<h1 class=\"elementor-heading-title elementor-size-default\">Mimarl\u0131k<\/h1>\t\t\t\t<\/div>\n\t\t\t\t<\/div>\n\t\t\t\t\t<\/div>\n\t\t\t\t<\/div>\n\t\t<div class=\"elementor-element elementor-element-64670b6 e-flex e-con-boxed e-con e-parent\" data-id=\"64670b6\" data-element_type=\"container\" data-e-type=\"container\">\n\t\t\t\t\t<div class=\"e-con-inner\">\n\t\t\t\t\t<\/div>\n\t\t\t\t<\/div>\n\t\t<div class=\"elementor-element elementor-element-ac7d1c7 e-flex e-con-boxed e-con e-parent\" data-id=\"ac7d1c7\" data-element_type=\"container\" data-e-type=\"container\">\n\t\t\t\t\t<div class=\"e-con-inner\">\n\t\t<div class=\"elementor-element elementor-element-9455781 e-con-full e-flex e-con e-child\" data-id=\"9455781\" data-element_type=\"container\" data-e-type=\"container\">\n\t\t<div class=\"elementor-element elementor-element-106dccc e-con-full e-flex e-con e-child\" data-id=\"106dccc\" data-element_type=\"container\" data-e-type=\"container\">\n\t\t\t\t<div class=\"elementor-element elementor-element-3c33385 elementor-widget elementor-widget-text-editor\" data-id=\"3c33385\" data-element_type=\"widget\" data-e-type=\"widget\" data-widget_type=\"text-editor.default\">\n\t\t\t\t\t\t\t\t\t<h4><strong>Minare<\/strong><\/h4>\n<p>Minare, bir\u00e7ok caminin karakteristik bir \u00f6zelli\u011fidir ve esasen ezan okuyan m\u00fcezzini yukar\u0131ya kald\u0131rmak i\u00e7in kullan\u0131l\u0131r. Bir\u00e7ok camide birden fazla minare bulunmas\u0131, cemaatin \u00f6nemini ve inanc\u0131 yayma arzusunu vurgular. Minare ayn\u0131 zamanda \u00e7evresi i\u00e7in bir simge olarak da hizmet edebilir; b\u00f6ylece m\u00fcsl\u00fcmanlar uzaktan caminin nerede oldu\u011funu g\u00f6rebilirler.<\/p>\n<p><\/p>\t\t\t\t\t\t\t\t<\/div>\n\t\t\t\t<\/div>\n\t\t\t\t<\/div>\n\t\t<div class=\"elementor-element elementor-element-ebbd1da e-con-full e-flex e-con e-child\" data-id=\"ebbd1da\" data-element_type=\"container\" data-e-type=\"container\">\n\t\t\t\t<div class=\"elementor-element elementor-element-15fcf24 elementor-widget elementor-widget-image\" data-id=\"15fcf24\" data-element_type=\"widget\" data-e-type=\"widget\" data-widget_type=\"image.default\">\n\t\t\t\t\t\t\t\t\t\t\t\t\t\t\t<img fetchpriority=\"high\" decoding=\"async\" width=\"1024\" height=\"630\" src=\"https:\/\/ditib-heidenheim.de\/wp-content\/uploads\/2024\/10\/WhatsApp-Image-2024-10-21-at-15.47.00-4-1024x630.jpeg\" class=\"attachment-large size-large wp-image-1605\" alt=\"\" srcset=\"https:\/\/ditib-heidenheim.de\/wp-content\/uploads\/2024\/10\/WhatsApp-Image-2024-10-21-at-15.47.00-4-1024x630.jpeg 1024w, https:\/\/ditib-heidenheim.de\/wp-content\/uploads\/2024\/10\/WhatsApp-Image-2024-10-21-at-15.47.00-4-300x185.jpeg 300w, https:\/\/ditib-heidenheim.de\/wp-content\/uploads\/2024\/10\/WhatsApp-Image-2024-10-21-at-15.47.00-4-768x472.jpeg 768w, https:\/\/ditib-heidenheim.de\/wp-content\/uploads\/2024\/10\/WhatsApp-Image-2024-10-21-at-15.47.00-4-1536x945.jpeg 1536w, https:\/\/ditib-heidenheim.de\/wp-content\/uploads\/2024\/10\/WhatsApp-Image-2024-10-21-at-15.47.00-4.jpeg 1600w\" sizes=\"(max-width: 1024px) 100vw, 1024px\" \/>\t\t\t\t\t\t\t\t\t\t\t\t\t\t\t<\/div>\n\t\t\t\t<\/div>\n\t\t\t\t\t<\/div>\n\t\t\t\t<\/div>\n\t\t<div class=\"elementor-element elementor-element-273aae3 e-flex e-con-boxed e-con e-parent\" data-id=\"273aae3\" data-element_type=\"container\" data-e-type=\"container\">\n\t\t\t\t\t<div class=\"e-con-inner\">\n\t\t<div class=\"elementor-element elementor-element-10c9821 e-con-full e-flex e-con e-child\" data-id=\"10c9821\" data-element_type=\"container\" data-e-type=\"container\">\n\t\t\t\t<div class=\"elementor-element elementor-element-abfdf9d elementor-widget elementor-widget-image\" data-id=\"abfdf9d\" data-element_type=\"widget\" data-e-type=\"widget\" data-widget_type=\"image.default\">\n\t\t\t\t\t\t\t\t\t\t\t\t\t\t\t<img decoding=\"async\" width=\"1024\" height=\"766\" src=\"https:\/\/ditib-heidenheim.de\/wp-content\/uploads\/2024\/10\/WhatsApp-Image-2024-10-21-at-15.47.00-6-1024x766.jpeg\" class=\"attachment-large size-large wp-image-1631\" alt=\"\" srcset=\"https:\/\/ditib-heidenheim.de\/wp-content\/uploads\/2024\/10\/WhatsApp-Image-2024-10-21-at-15.47.00-6-1024x766.jpeg 1024w, https:\/\/ditib-heidenheim.de\/wp-content\/uploads\/2024\/10\/WhatsApp-Image-2024-10-21-at-15.47.00-6-300x224.jpeg 300w, https:\/\/ditib-heidenheim.de\/wp-content\/uploads\/2024\/10\/WhatsApp-Image-2024-10-21-at-15.47.00-6-768x575.jpeg 768w, https:\/\/ditib-heidenheim.de\/wp-content\/uploads\/2024\/10\/WhatsApp-Image-2024-10-21-at-15.47.00-6-1536x1149.jpeg 1536w, https:\/\/ditib-heidenheim.de\/wp-content\/uploads\/2024\/10\/WhatsApp-Image-2024-10-21-at-15.47.00-6.jpeg 1600w\" sizes=\"(max-width: 1024px) 100vw, 1024px\" \/>\t\t\t\t\t\t\t\t\t\t\t\t\t\t\t<\/div>\n\t\t\t\t<\/div>\n\t\t<div class=\"elementor-element elementor-element-1ae7445 e-con-full e-flex e-con e-child\" data-id=\"1ae7445\" data-element_type=\"container\" data-e-type=\"container\">\n\t\t<div class=\"elementor-element elementor-element-ae10a6a e-con-full e-flex e-con e-child\" data-id=\"ae10a6a\" data-element_type=\"container\" data-e-type=\"container\">\n\t\t\t\t<div class=\"elementor-element elementor-element-88149e5 elementor-widget elementor-widget-text-editor\" data-id=\"88149e5\" data-element_type=\"widget\" data-e-type=\"widget\" data-widget_type=\"text-editor.default\">\n\t\t\t\t\t\t\t\t\t<h4><strong>Kubbe<\/strong><\/h4><p>Kubbe, genellikle ibadet salonunu kaplayan merkezi bir mimari unsurdur. G\u00f6ky\u00fcz\u00fcn\u00fc ve inananlar\u0131n tek bir \u0130lah alt\u0131nda birli\u011fini simgeler. Kubbenin \u015fekli, d\u00fczden \u00e7ok y\u00fcksek bir kemere kadar de\u011fi\u015febilir ve genellikle sanatla s\u00fcslenir. Kubbeler genellikle do\u011fal \u0131\u015f\u0131\u011f\u0131 i\u00e7eri alarak ayd\u0131nl\u0131k ve davetkar bir atmosfer yaratan pencerelerle donat\u0131lm\u0131\u015ft\u0131r.\u00a0<\/p>\t\t\t\t\t\t\t\t<\/div>\n\t\t\t\t<\/div>\n\t\t\t\t<\/div>\n\t\t\t\t\t<\/div>\n\t\t\t\t<\/div>\n\t\t<div class=\"elementor-element elementor-element-5179cf9 e-flex e-con-boxed e-con e-parent\" data-id=\"5179cf9\" data-element_type=\"container\" data-e-type=\"container\">\n\t\t\t\t\t<div class=\"e-con-inner\">\n\t\t<div class=\"elementor-element elementor-element-649ec98 e-con-full e-flex e-con e-child\" data-id=\"649ec98\" data-element_type=\"container\" data-e-type=\"container\">\n\t\t<div class=\"elementor-element elementor-element-e60f3a7 e-con-full e-flex e-con e-child\" data-id=\"e60f3a7\" data-element_type=\"container\" data-e-type=\"container\">\n\t\t\t\t<div class=\"elementor-element elementor-element-8c86ccd elementor-widget elementor-widget-text-editor\" data-id=\"8c86ccd\" data-element_type=\"widget\" data-e-type=\"widget\" data-widget_type=\"text-editor.default\">\n\t\t\t\t\t\t\t\t\t<h4><strong>D\u0131\u015f y\u00fczey<\/strong><\/h4><p>Bir caminin cephesi genellikle zengin bir \u015fekilde s\u00fcslenmi\u015f olup, cemaatin k\u00fclt\u00fcrel ve tarihi kimli\u011fini yans\u0131t\u0131r. Kuran'dan al\u0131nt\u0131lar, geometrik desenler ve bitkisel motifler i\u00e7erebilir; bu unsurlar\u0131n her biri derin sembolik anlamlar ta\u015f\u0131r. Kaligrafi, Kuran'dan metinler sunmak i\u00e7in s\u0131k\u00e7a kullan\u0131l\u0131rken, geometrik desenler s\u0131kl\u0131kla sonsuzlu\u011fu ve evrenin d\u00fczenini simgeler. Bu s\u00fcslemeler yaln\u0131zca dekoratif de\u011fildir, ayn\u0131 zamanda ruhsal alan\u0131 kutsamak ve bir sayg\u0131 atmosferi yaratma i\u015flevi de ta\u015f\u0131r. Mermer veya seramik gibi \u00e7e\u015fitli malzemelerin kullan\u0131m\u0131, caminin g\u00f6rsel \u00e7ekicili\u011fine katk\u0131da bulunur.<\/p>\t\t\t\t\t\t\t\t<\/div>\n\t\t\t\t<\/div>\n\t\t\t\t<\/div>\n\t\t<div class=\"elementor-element elementor-element-015c1e6 e-con-full e-flex e-con e-child\" data-id=\"015c1e6\" data-element_type=\"container\" data-e-type=\"container\">\n\t\t\t\t<div class=\"elementor-element elementor-element-9143a73 elementor-widget elementor-widget-image\" data-id=\"9143a73\" data-element_type=\"widget\" data-e-type=\"widget\" data-widget_type=\"image.default\">\n\t\t\t\t\t\t\t\t\t\t\t\t\t\t\t<img decoding=\"async\" width=\"1024\" height=\"766\" src=\"https:\/\/ditib-heidenheim.de\/wp-content\/uploads\/2024\/10\/WhatsApp-Image-2024-10-21-at-15.47.00-1-1024x766.jpeg\" class=\"attachment-large size-large wp-image-1608\" alt=\"\" srcset=\"https:\/\/ditib-heidenheim.de\/wp-content\/uploads\/2024\/10\/WhatsApp-Image-2024-10-21-at-15.47.00-1-1024x766.jpeg 1024w, https:\/\/ditib-heidenheim.de\/wp-content\/uploads\/2024\/10\/WhatsApp-Image-2024-10-21-at-15.47.00-1-300x224.jpeg 300w, https:\/\/ditib-heidenheim.de\/wp-content\/uploads\/2024\/10\/WhatsApp-Image-2024-10-21-at-15.47.00-1-768x575.jpeg 768w, https:\/\/ditib-heidenheim.de\/wp-content\/uploads\/2024\/10\/WhatsApp-Image-2024-10-21-at-15.47.00-1-1536x1149.jpeg 1536w, https:\/\/ditib-heidenheim.de\/wp-content\/uploads\/2024\/10\/WhatsApp-Image-2024-10-21-at-15.47.00-1.jpeg 1600w\" sizes=\"(max-width: 1024px) 100vw, 1024px\" \/>\t\t\t\t\t\t\t\t\t\t\t\t\t\t\t<\/div>\n\t\t\t\t<\/div>\n\t\t\t\t\t<\/div>\n\t\t\t\t<\/div>\n\t\t<div class=\"elementor-element elementor-element-5ea0a13 e-flex e-con-boxed e-con e-parent\" data-id=\"5ea0a13\" data-element_type=\"container\" data-e-type=\"container\">\n\t\t\t\t\t<div class=\"e-con-inner\">\n\t\t\t\t\t<\/div>\n\t\t\t\t<\/div>\n\t\t<div class=\"elementor-element elementor-element-5e330fc e-flex e-con-boxed e-con e-parent\" data-id=\"5e330fc\" data-element_type=\"container\" data-e-type=\"container\" data-settings=\"{&quot;background_background&quot;:&quot;classic&quot;}\">\n\t\t\t\t\t<div class=\"e-con-inner\">\n\t\t<div class=\"elementor-element elementor-element-8ee2323 e-con-full e-flex e-con e-child\" data-id=\"8ee2323\" data-element_type=\"container\" data-e-type=\"container\">\n\t\t\t\t<div class=\"elementor-element elementor-element-c8f7943 elementor-widget elementor-widget-heading\" data-id=\"c8f7943\" data-element_type=\"widget\" data-e-type=\"widget\" data-widget_type=\"heading.default\">\n\t\t\t\t\t<h1 class=\"elementor-heading-title elementor-size-default\">\u0130\u00e7 b\u00f6l\u00fcm<\/h1>\t\t\t\t<\/div>\n\t\t\t\t<\/div>\n\t\t\t\t\t<\/div>\n\t\t\t\t<\/div>\n\t\t<div class=\"elementor-element elementor-element-0d1115b e-flex e-con-boxed e-con e-parent\" data-id=\"0d1115b\" data-element_type=\"container\" data-e-type=\"container\">\n\t\t\t\t\t<div class=\"e-con-inner\">\n\t\t\t\t\t<\/div>\n\t\t\t\t<\/div>\n\t\t<div class=\"elementor-element elementor-element-7c3ba1a e-flex e-con-boxed e-con e-parent\" data-id=\"7c3ba1a\" data-element_type=\"container\" data-e-type=\"container\">\n\t\t\t\t\t<div class=\"e-con-inner\">\n\t\t<div class=\"elementor-element elementor-element-c017ed3 e-con-full e-flex e-con e-child\" data-id=\"c017ed3\" data-element_type=\"container\" data-e-type=\"container\">\n\t\t\t\t<div class=\"elementor-element elementor-element-34d15ab elementor-widget elementor-widget-image\" data-id=\"34d15ab\" data-element_type=\"widget\" data-e-type=\"widget\" data-widget_type=\"image.default\">\n\t\t\t\t\t\t\t\t\t\t\t\t\t\t\t<img loading=\"lazy\" decoding=\"async\" width=\"1024\" height=\"630\" src=\"https:\/\/ditib-heidenheim.de\/wp-content\/uploads\/2024\/10\/WhatsApp-Image-2024-10-21-at-15.47.01-3-1-1024x630.jpeg\" class=\"attachment-large size-large wp-image-1622\" alt=\"\" srcset=\"https:\/\/ditib-heidenheim.de\/wp-content\/uploads\/2024\/10\/WhatsApp-Image-2024-10-21-at-15.47.01-3-1-1024x630.jpeg 1024w, https:\/\/ditib-heidenheim.de\/wp-content\/uploads\/2024\/10\/WhatsApp-Image-2024-10-21-at-15.47.01-3-1-300x185.jpeg 300w, https:\/\/ditib-heidenheim.de\/wp-content\/uploads\/2024\/10\/WhatsApp-Image-2024-10-21-at-15.47.01-3-1-768x472.jpeg 768w, https:\/\/ditib-heidenheim.de\/wp-content\/uploads\/2024\/10\/WhatsApp-Image-2024-10-21-at-15.47.01-3-1-1536x945.jpeg 1536w, https:\/\/ditib-heidenheim.de\/wp-content\/uploads\/2024\/10\/WhatsApp-Image-2024-10-21-at-15.47.01-3-1.jpeg 1600w\" sizes=\"(max-width: 1024px) 100vw, 1024px\" \/>\t\t\t\t\t\t\t\t\t\t\t\t\t\t\t<\/div>\n\t\t\t\t<\/div>\n\t\t<div class=\"elementor-element elementor-element-a5dac15 e-con-full e-flex e-con e-child\" data-id=\"a5dac15\" data-element_type=\"container\" data-e-type=\"container\">\n\t\t<div class=\"elementor-element elementor-element-a201ab0 e-con-full e-flex e-con e-child\" data-id=\"a201ab0\" data-element_type=\"container\" data-e-type=\"container\">\n\t\t\t\t<div class=\"elementor-element elementor-element-bf078fa elementor-widget elementor-widget-text-editor\" data-id=\"bf078fa\" data-element_type=\"widget\" data-e-type=\"widget\" data-widget_type=\"text-editor.default\">\n\t\t\t\t\t\t\t\t\t<h4>\u0130badet alan\u0131<\/h4><p>Namaz odas\u0131, di\u011fer ad\u0131yla Musalla, camide inananlar\u0131n bir araya gelip dua etti\u011fi merkezi yerdir. Bu alan, \u00f6zellikle Cuma namazlar\u0131 veya dini bayramlar s\u0131ras\u0131nda b\u00fcy\u00fck bir insan say\u0131s\u0131n\u0131 bar\u0131nd\u0131racak \u015fekilde geni\u015f bir tasar\u0131ma sahiptir. Zemin, genellikle inananlar\u0131n namazda secde etti\u011fi i\u00e7in hijyenik ve rahat kabul edilen \u00f6zel bir namaz hal\u0131s\u0131 ile kaplanm\u0131\u015ft\u0131r. Musalla, namaz s\u0131ralar\u0131n\u0131n d\u00fczenli bir \u015fekilde yerle\u015ftirildi\u011fi ve herkesin ayn\u0131 y\u00f6ne (K\u0131ble) bakt\u0131\u011f\u0131 \u015fekilde d\u00fczenlenmi\u015ftir; bu da birlik ve topluluk hissini te\u015fvik eder. Genellikle alan, pencerelerden do\u011fal \u0131\u015f\u0131k alacak \u015fekilde tasarlanm\u0131\u015f olup, sakin ve huzurlu bir atmosfer yarat\u0131r.<\/p>\t\t\t\t\t\t\t\t<\/div>\n\t\t\t\t<\/div>\n\t\t\t\t<\/div>\n\t\t\t\t\t<\/div>\n\t\t\t\t<\/div>\n\t\t<div class=\"elementor-element elementor-element-8ab5e6c e-flex e-con-boxed e-con e-parent\" data-id=\"8ab5e6c\" data-element_type=\"container\" data-e-type=\"container\">\n\t\t\t\t\t<div class=\"e-con-inner\">\n\t\t<div class=\"elementor-element elementor-element-eaafac6 e-con-full e-flex e-con e-child\" data-id=\"eaafac6\" data-element_type=\"container\" data-e-type=\"container\">\n\t\t<div class=\"elementor-element elementor-element-7d23ae0 e-con-full e-flex e-con e-child\" data-id=\"7d23ae0\" data-element_type=\"container\" data-e-type=\"container\">\n\t\t\t\t<div class=\"elementor-element elementor-element-c0cb472 elementor-widget elementor-widget-text-editor\" data-id=\"c0cb472\" data-element_type=\"widget\" data-e-type=\"widget\" data-widget_type=\"text-editor.default\">\n\t\t\t\t\t\t\t\t\t<h4>K\u0131ble duvar\u0131<\/h4><p>K\u0131ble duvar\u0131, Mekke'deki kutsal Kabe'ye bakan caminin duvar\u0131d\u0131r. Bu duvar\u0131n \u00f6zel bir anlam\u0131 vard\u0131r, \u00e7\u00fcnk\u00fc m\u00fcsl\u00fcmanlara namaz s\u0131ras\u0131nda hangi y\u00f6ne d\u00f6nmeleri gerekti\u011fini g\u00f6sterir. Bir\u00e7ok camide k\u0131ble duvar\u0131 sanatsal bir \u015fekilde tasarlanm\u0131\u015ft\u0131r ve genellikle inananlar\u0131n namaz s\u0131ras\u0131nda hangi y\u00f6ne d\u00f6nmeleri gerekti\u011fini belirten bir ni\u015f olan mihrap ile s\u00fcslenmi\u015ftir. Mihrap, bu yerin kutsall\u0131\u011f\u0131n\u0131 vurgulamak i\u00e7in kaligrafi ve di\u011fer dekoratif unsurlarla s\u00fcslenebilir. Bu duvar, yaln\u0131zca fiziksel bir y\u00f6nlendirme de\u011fil, ayn\u0131 zamanda inananlar i\u00e7in bir manevi odak i\u015flevi de g\u00f6r\u00fcr.<\/p><p>\u00a0<\/p>\t\t\t\t\t\t\t\t<\/div>\n\t\t\t\t<\/div>\n\t\t\t\t<\/div>\n\t\t<div class=\"elementor-element elementor-element-d011dd9 e-con-full e-flex e-con e-child\" data-id=\"d011dd9\" data-element_type=\"container\" data-e-type=\"container\">\n\t\t\t\t<div class=\"elementor-element elementor-element-aaf3802 elementor-widget elementor-widget-image\" data-id=\"aaf3802\" data-element_type=\"widget\" data-e-type=\"widget\" data-widget_type=\"image.default\">\n\t\t\t\t\t\t\t\t\t\t\t\t\t\t\t<img loading=\"lazy\" decoding=\"async\" width=\"1024\" height=\"630\" src=\"https:\/\/ditib-heidenheim.de\/wp-content\/uploads\/2024\/10\/WhatsApp-Image-2024-10-21-at-15.47.01-1-1024x630.jpeg\" class=\"attachment-large size-large wp-image-1602\" alt=\"\" srcset=\"https:\/\/ditib-heidenheim.de\/wp-content\/uploads\/2024\/10\/WhatsApp-Image-2024-10-21-at-15.47.01-1-1024x630.jpeg 1024w, https:\/\/ditib-heidenheim.de\/wp-content\/uploads\/2024\/10\/WhatsApp-Image-2024-10-21-at-15.47.01-1-300x185.jpeg 300w, https:\/\/ditib-heidenheim.de\/wp-content\/uploads\/2024\/10\/WhatsApp-Image-2024-10-21-at-15.47.01-1-768x472.jpeg 768w, https:\/\/ditib-heidenheim.de\/wp-content\/uploads\/2024\/10\/WhatsApp-Image-2024-10-21-at-15.47.01-1-1536x945.jpeg 1536w, https:\/\/ditib-heidenheim.de\/wp-content\/uploads\/2024\/10\/WhatsApp-Image-2024-10-21-at-15.47.01-1.jpeg 1600w\" sizes=\"(max-width: 1024px) 100vw, 1024px\" \/>\t\t\t\t\t\t\t\t\t\t\t\t\t\t\t<\/div>\n\t\t\t\t<\/div>\n\t\t\t\t\t<\/div>\n\t\t\t\t<\/div>\n\t\t<div class=\"elementor-element elementor-element-32ac2e6 e-flex e-con-boxed e-con e-parent\" data-id=\"32ac2e6\" data-element_type=\"container\" data-e-type=\"container\">\n\t\t\t\t\t<div class=\"e-con-inner\">\n\t\t<div class=\"elementor-element elementor-element-6998075 e-con-full e-flex e-con e-child\" data-id=\"6998075\" data-element_type=\"container\" data-e-type=\"container\">\n\t\t\t\t<div class=\"elementor-element elementor-element-e72d257 elementor-widget elementor-widget-image\" data-id=\"e72d257\" data-element_type=\"widget\" data-e-type=\"widget\" data-widget_type=\"image.default\">\n\t\t\t\t\t\t\t\t\t\t\t\t\t\t\t<img loading=\"lazy\" decoding=\"async\" width=\"1024\" height=\"630\" src=\"https:\/\/ditib-heidenheim.de\/wp-content\/uploads\/2024\/10\/WhatsApp-Image-2024-10-21-at-15.47.01-5-1024x630.jpeg\" class=\"attachment-large size-large wp-image-1625\" alt=\"\" srcset=\"https:\/\/ditib-heidenheim.de\/wp-content\/uploads\/2024\/10\/WhatsApp-Image-2024-10-21-at-15.47.01-5-1024x630.jpeg 1024w, https:\/\/ditib-heidenheim.de\/wp-content\/uploads\/2024\/10\/WhatsApp-Image-2024-10-21-at-15.47.01-5-300x185.jpeg 300w, https:\/\/ditib-heidenheim.de\/wp-content\/uploads\/2024\/10\/WhatsApp-Image-2024-10-21-at-15.47.01-5-768x472.jpeg 768w, https:\/\/ditib-heidenheim.de\/wp-content\/uploads\/2024\/10\/WhatsApp-Image-2024-10-21-at-15.47.01-5-1536x945.jpeg 1536w, https:\/\/ditib-heidenheim.de\/wp-content\/uploads\/2024\/10\/WhatsApp-Image-2024-10-21-at-15.47.01-5.jpeg 1600w\" sizes=\"(max-width: 1024px) 100vw, 1024px\" \/>\t\t\t\t\t\t\t\t\t\t\t\t\t\t\t<\/div>\n\t\t\t\t<\/div>\n\t\t<div class=\"elementor-element elementor-element-c707169 e-con-full e-flex e-con e-child\" data-id=\"c707169\" data-element_type=\"container\" data-e-type=\"container\">\n\t\t<div class=\"elementor-element elementor-element-51fe20e e-con-full e-flex e-con e-child\" data-id=\"51fe20e\" data-element_type=\"container\" data-e-type=\"container\">\n\t\t\t\t<div class=\"elementor-element elementor-element-6c9ccff elementor-widget elementor-widget-text-editor\" data-id=\"6c9ccff\" data-element_type=\"widget\" data-e-type=\"widget\" data-widget_type=\"text-editor.default\">\n\t\t\t\t\t\t\t\t\t<h4>Minber<\/h4><p>Minber, camide bulunan ve imam\u0131n Cuma namaz\u0131n\u0131 y\u00f6netti\u011fi ile vaaz verdi\u011fi y\u00fcksek bir platformdur. \u0130mam\u0131n otoritesini ve \u0130slam'daki \u00f6\u011fretinin \u00f6nemini simgeler. Minber genellikle sanatsal bir \u015fekilde tasarlanm\u0131\u015f olup, her biri farkl\u0131 bir mesaj veya konuyu temsil eden \u00e7e\u015fitli basamaklara sahip olabilir. Minberin y\u00fcksekli\u011fi, imam\u0131n daha g\u00f6r\u00fcn\u00fcr olmas\u0131n\u0131 ve toplanan cemaatle ba\u011flant\u0131 kurmas\u0131n\u0131 sa\u011flar.\u00a0<\/p>\t\t\t\t\t\t\t\t<\/div>\n\t\t\t\t<\/div>\n\t\t\t\t<\/div>\n\t\t\t\t\t<\/div>\n\t\t\t\t<\/div>\n\t\t<div class=\"elementor-element elementor-element-34d8a90 e-flex e-con-boxed e-con e-parent\" data-id=\"34d8a90\" data-element_type=\"container\" data-e-type=\"container\">\n\t\t\t\t\t<div class=\"e-con-inner\">\n\t\t\t\t\t<\/div>\n\t\t\t\t<\/div>\n\t\t\t\t<\/div>","protected":false},"excerpt":{"rendered":"<p>Architektur Minarett Das Minarett ist ein charakteristisches Merkmal vieler Moscheen und dient in erster Linie dazu, den Muezzin, der zum Gebet ruft, in die H\u00f6he zu erheben. Viele Moscheen haben mehrere Minarette, was die Bedeutung der Gemeinde und den Wunsch, den Glauben weithin zu verbreiten, unterstreicht. Das Minarett kann auch als Wahrzeichen f\u00fcr die Umgebung [&hellip;]<\/p>\n","protected":false},"author":1,"featured_media":0,"parent":0,"menu_order":0,"comment_status":"closed","ping_status":"closed","template":"","meta":{"site-sidebar-layout":"no-sidebar","site-content-layout":"page-builder","ast-site-content-layout":"full-width-container","site-content-style":"unboxed","site-sidebar-style":"unboxed","ast-global-header-display":"","ast-banner-title-visibility":"","ast-main-header-display":"","ast-hfb-above-header-display":"","ast-hfb-below-header-display":"","ast-hfb-mobile-header-display":"","site-post-title":"disabled","ast-breadcrumbs-content":"","ast-featured-img":"disabled","footer-sml-layout":"","ast-disable-related-posts":"","theme-transparent-header-meta":"enabled","adv-header-id-meta":"","stick-header-meta":"","header-above-stick-meta":"","header-main-stick-meta":"","header-below-stick-meta":"","astra-migrate-meta-layouts":"set","ast-page-background-enabled":"default","ast-page-background-meta":{"desktop":{"background-color":"","background-image":"","background-repeat":"repeat","background-position":"center center","background-size":"auto","background-attachment":"scroll","background-type":"","background-media":"","overlay-type":"","overlay-color":"","overlay-opacity":"","overlay-gradient":""},"tablet":{"background-color":"","background-image":"","background-repeat":"repeat","background-position":"center center","background-size":"auto","background-attachment":"scroll","background-type":"","background-media":"","overlay-type":"","overlay-color":"","overlay-opacity":"","overlay-gradient":""},"mobile":{"background-color":"","background-image":"","background-repeat":"repeat","background-position":"center center","background-size":"auto","background-attachment":"scroll","background-type":"","background-media":"","overlay-type":"","overlay-color":"","overlay-opacity":"","overlay-gradient":""}},"ast-content-background-meta":{"desktop":{"background-color":"var(--ast-global-color-5)","background-image":"","background-repeat":"repeat","background-position":"center center","background-size":"auto","background-attachment":"scroll","background-type":"","background-media":"","overlay-type":"","overlay-color":"","overlay-opacity":"","overlay-gradient":""},"tablet":{"background-color":"var(--ast-global-color-5)","background-image":"","background-repeat":"repeat","background-position":"center center","background-size":"auto","background-attachment":"scroll","background-type":"","background-media":"","overlay-type":"","overlay-color":"","overlay-opacity":"","overlay-gradient":""},"mobile":{"background-color":"var(--ast-global-color-5)","background-image":"","background-repeat":"repeat","background-position":"center center","background-size":"auto","background-attachment":"scroll","background-type":"","background-media":"","overlay-type":"","overlay-color":"","overlay-opacity":"","overlay-gradient":""}},"footnotes":""},"class_list":["post-1830","page","type-page","status-publish","hentry"],"_links":{"self":[{"href":"https:\/\/ditib-heidenheim.de\/tr\/wp-json\/wp\/v2\/pages\/1830","targetHints":{"allow":["GET"]}}],"collection":[{"href":"https:\/\/ditib-heidenheim.de\/tr\/wp-json\/wp\/v2\/pages"}],"about":[{"href":"https:\/\/ditib-heidenheim.de\/tr\/wp-json\/wp\/v2\/types\/page"}],"author":[{"embeddable":true,"href":"https:\/\/ditib-heidenheim.de\/tr\/wp-json\/wp\/v2\/users\/1"}],"replies":[{"embeddable":true,"href":"https:\/\/ditib-heidenheim.de\/tr\/wp-json\/wp\/v2\/comments?post=1830"}],"version-history":[{"count":30,"href":"https:\/\/ditib-heidenheim.de\/tr\/wp-json\/wp\/v2\/pages\/1830\/revisions"}],"predecessor-version":[{"id":2082,"href":"https:\/\/ditib-heidenheim.de\/tr\/wp-json\/wp\/v2\/pages\/1830\/revisions\/2082"}],"wp:attachment":[{"href":"https:\/\/ditib-heidenheim.de\/tr\/wp-json\/wp\/v2\/media?parent=1830"}],"curies":[{"name":"wp","href":"https:\/\/api.w.org\/{rel}","templated":true}]}}