{"id":1873,"date":"2024-10-24T19:35:38","date_gmt":"2024-10-24T19:35:38","guid":{"rendered":"https:\/\/ditib-heidenheim.de\/?page_id=1873"},"modified":"2024-11-20T18:45:02","modified_gmt":"2024-11-20T18:45:02","slug":"islamische-feste","status":"publish","type":"page","link":"https:\/\/ditib-heidenheim.de\/tr\/islamische-feste\/","title":{"rendered":"Dini Bayramlar"},"content":{"rendered":"<div data-elementor-type=\"wp-post\" data-elementor-id=\"1873\" class=\"elementor elementor-1873\">\n\t\t\t\t<div class=\"elementor-element elementor-element-cbcf082 e-flex e-con-boxed e-con e-parent\" data-id=\"cbcf082\" data-element_type=\"container\" data-e-type=\"container\" data-settings=\"{&quot;background_background&quot;:&quot;classic&quot;}\">\n\t\t\t\t\t<div class=\"e-con-inner\">\n\t\t<div class=\"elementor-element elementor-element-53c6f6a e-con-full e-flex e-con e-child\" data-id=\"53c6f6a\" data-element_type=\"container\" data-e-type=\"container\">\n\t\t\t\t<div class=\"elementor-element elementor-element-60f397f elementor-widget elementor-widget-heading\" data-id=\"60f397f\" data-element_type=\"widget\" data-e-type=\"widget\" data-widget_type=\"heading.default\">\n\t\t\t\t\t<h1 class=\"elementor-heading-title elementor-size-default\">Dini Bayramlar<\/h1>\t\t\t\t<\/div>\n\t\t\t\t<\/div>\n\t\t\t\t\t<\/div>\n\t\t\t\t<\/div>\n\t\t<div class=\"elementor-element elementor-element-3vdjnsy e-flex e-con-boxed e-con e-parent\" data-id=\"3vdjnsy\" data-element_type=\"container\" data-e-type=\"container\" data-settings=\"{&quot;background_background&quot;:&quot;classic&quot;}\">\n\t\t\t\t\t<div class=\"e-con-inner\">\n\t\t<div class=\"elementor-element elementor-element-0865bb8 e-con-full e-flex e-con e-child\" data-id=\"0865bb8\" data-element_type=\"container\" data-e-type=\"container\">\n\t\t\t\t<div class=\"elementor-element elementor-element-2e7660f elementor-widget elementor-widget-heading\" data-id=\"2e7660f\" data-element_type=\"widget\" data-e-type=\"widget\" data-widget_type=\"heading.default\">\n\t\t\t\t\t<h3 class=\"elementor-heading-title elementor-size-default\">\n\u0130slam'da \u00f6zel bir \u00f6neme sahip iki bayram vard\u0131r: Ramazan Bayram\u0131 ve Kurban Bayram\u0131. Her iki bayram da birliktelik, hay\u0131rseverlik ve inan\u00e7 de\u011ferlerini vurgular ve geleneksel olarak aile kutlamalar\u0131, dualar ve ba\u011f\u0131\u015flarla kutlan\u0131r.<\/h3>\t\t\t\t<\/div>\n\t\t<div class=\"elementor-element elementor-element-16a9bfb e-con-full e-flex e-con e-child\" data-id=\"16a9bfb\" data-element_type=\"container\" data-e-type=\"container\">\n\t\t<div class=\"elementor-element elementor-element-fb261f8 e-con-full e-flex e-con e-child\" data-id=\"fb261f8\" data-element_type=\"container\" data-e-type=\"container\">\n\t\t\t\t<div class=\"elementor-element elementor-element-adfc1c8 elementor-widget elementor-widget-image-box\" data-id=\"adfc1c8\" data-element_type=\"widget\" data-e-type=\"widget\" data-widget_type=\"image-box.default\">\n\t\t\t\t\t<div class=\"elementor-image-box-wrapper\"><div class=\"elementor-image-box-content\"><h4 class=\"elementor-image-box-title\">Ramazan Bayram\u0131<\/h4><p class=\"elementor-image-box-description\">Ramazan Bayram\u0131, Ramazan'\u0131n sona erdi\u011fini i\u015faret eden bir bayramd\u0131r ve \u0130slam takvimindeki \u015eevval ay\u0131n\u0131n ilk g\u00fcn\u00fcnde kutlan\u0131r. Bu, d\u00fcnya genelindeki M\u00fcsl\u00fcmanlar i\u00e7in \u00f6nemli bir bayramd\u0131r ve hem ruhsal hem de toplumsal y\u00f6nleri i\u00e7erir.\n\nM\u00fcsl\u00fcmanlar bayram g\u00fcn\u00fcne camide veya a\u00e7\u0131k bir alanda \"Bayram Namaz\u0131\" olarak bilinen \u00f6zel bir namaz ile ba\u015flarlar. Bu namaz, toplulu\u011fa dayal\u0131d\u0131r ve genellikle b\u00fcy\u00fck gruplar halinde k\u0131l\u0131n\u0131r; bu da M\u00fcsl\u00fcmanlar\u0131n birli\u011fini vurgular.\n\nDini t\u00f6renlerin ard\u0131ndan aileler ve arkada\u015flar, bayram\u0131 kutlamak i\u00e7in \u00f6zel yemeklerle bir araya gelirler. Geleneksel olarak, \u00e7e\u015fitli yemekler ve tatl\u0131lar haz\u0131rlan\u0131r. Ayr\u0131ca, bayram\u0131n ne\u015fesini ortaya koymak i\u00e7in yeni k\u0131yafetler giymek ve hediye al\u0131\u015fveri\u015fi yapmak da s\u0131k\u00e7a yap\u0131lan bir gelenektir.\n\nGenel olarak Ramazan Bayram\u0131, sadece oru\u00e7 a\u00e7ma bayram\u0131 de\u011fil, ayn\u0131 zamanda M\u00fcsl\u00fcmanlar\u0131n merhamet, minnettarl\u0131k ve topluluk de\u011ferlerini kutlamak ve ya\u015famak i\u00e7in bir f\u0131rsatt\u0131r.<\/p><\/div><\/div>\t\t\t\t<\/div>\n\t\t\t\t<\/div>\n\t\t<div class=\"elementor-element elementor-element-e3fd2d6 e-con-full e-flex e-con e-child\" data-id=\"e3fd2d6\" data-element_type=\"container\" data-e-type=\"container\">\n\t\t\t\t<div class=\"elementor-element elementor-element-1ccf08a elementor-widget elementor-widget-image-box\" data-id=\"1ccf08a\" data-element_type=\"widget\" data-e-type=\"widget\" data-widget_type=\"image-box.default\">\n\t\t\t\t\t<div class=\"elementor-image-box-wrapper\"><div class=\"elementor-image-box-content\"><h4 class=\"elementor-image-box-title\">Kurban Bayram\u0131<\/h4><p class=\"elementor-image-box-description\">Kurban Bayram\u0131 Hac ibadetinin sona erdi\u011fini i\u015faret eder.\n\nBu bayram, \u0130brahim'in (A.S.) Allah'\u0131n emri do\u011frultusunda o\u011flu \u0130smail'i kurban etmeye haz\u0131r olu\u015funu an\u0131msat\u0131r. \u0130brahim, kurban etmeye haz\u0131rland\u0131\u011f\u0131 anda Allah onu durdurmu\u015f ve onun yerine bir ko\u00e7un kurban edilmesini sa\u011flam\u0131\u015ft\u0131r. Bu olay, inan\u00e7 ve ba\u011fl\u0131l\u0131\u011f\u0131n bir s\u0131nav\u0131 olarak kabul edilir.\n\nBayram, Namaz ile ba\u015flar ve ard\u0131ndan kurban kesme i\u015flemi ger\u00e7ekle\u015ftirilir. M\u00fcsl\u00fcmanlar, bayramda bir hayvan (genellikle bir koyun, ke\u00e7i veya s\u0131\u011f\u0131r) kurban ederler. \nKesilen et \u00fc\u00e7e b\u00f6l\u00fcn\u00fcr: bir k\u0131sm\u0131 aileye, bir k\u0131sm\u0131 akrabalara ve arkada\u015flara, di\u011fer k\u0131sm\u0131 ise ihtiya\u00e7 sahiplerine verilir.\nKurban Bayram\u0131, payla\u015fma ve merhameti te\u015fvik eder. M\u00fcsl\u00fcmanlar ihtiya\u00e7 sahiplerine yard\u0131mc\u0131 olur ve topluluklar\u0131n\u0131 ziyaretler, hediyeler ve sadakalar ile desteklerler.<\/p><\/div><\/div>\t\t\t\t<\/div>\n\t\t\t\t<\/div>\n\t\t\t\t<\/div>\n\t\t\t\t<\/div>\n\t\t\t\t\t<\/div>\n\t\t\t\t<\/div>\n\t\t\t\t<\/div>","protected":false},"excerpt":{"rendered":"<p>islamische feste Im Islam gibt es zwei Hauptfeste, die eine besondere Bedeutung haben: Eid al-Fitr und Eid al-Adha. Beide Feste betonen die Werte des Miteinanders, der N\u00e4chstenliebe und des Glaubens und werden traditionell mit Familienfesten, Gebeten und Spenden begangen. Eid al-Fitr Eid al-Fitr, auch bekannt als das Fest des Fastenbrechens, markiert das Ende des Ramadan [&hellip;]<\/p>\n","protected":false},"author":1,"featured_media":0,"parent":0,"menu_order":0,"comment_status":"closed","ping_status":"closed","template":"","meta":{"site-sidebar-layout":"no-sidebar","site-content-layout":"page-builder","ast-site-content-layout":"full-width-container","site-content-style":"unboxed","site-sidebar-style":"unboxed","ast-global-header-display":"","ast-banner-title-visibility":"","ast-main-header-display":"","ast-hfb-above-header-display":"","ast-hfb-below-header-display":"","ast-hfb-mobile-header-display":"","site-post-title":"disabled","ast-breadcrumbs-content":"","ast-featured-img":"disabled","footer-sml-layout":"","ast-disable-related-posts":"","theme-transparent-header-meta":"enabled","adv-header-id-meta":"","stick-header-meta":"","header-above-stick-meta":"","header-main-stick-meta":"","header-below-stick-meta":"","astra-migrate-meta-layouts":"set","ast-page-background-enabled":"default","ast-page-background-meta":{"desktop":{"background-color":"","background-image":"","background-repeat":"repeat","background-position":"center center","background-size":"auto","background-attachment":"scroll","background-type":"","background-media":"","overlay-type":"","overlay-color":"","overlay-opacity":"","overlay-gradient":""},"tablet":{"background-color":"","background-image":"","background-repeat":"repeat","background-position":"center center","background-size":"auto","background-attachment":"scroll","background-type":"","background-media":"","overlay-type":"","overlay-color":"","overlay-opacity":"","overlay-gradient":""},"mobile":{"background-color":"","background-image":"","background-repeat":"repeat","background-position":"center center","background-size":"auto","background-attachment":"scroll","background-type":"","background-media":"","overlay-type":"","overlay-color":"","overlay-opacity":"","overlay-gradient":""}},"ast-content-background-meta":{"desktop":{"background-color":"var(--ast-global-color-5)","background-image":"","background-repeat":"repeat","background-position":"center center","background-size":"auto","background-attachment":"scroll","background-type":"","background-media":"","overlay-type":"","overlay-color":"","overlay-opacity":"","overlay-gradient":""},"tablet":{"background-color":"var(--ast-global-color-5)","background-image":"","background-repeat":"repeat","background-position":"center center","background-size":"auto","background-attachment":"scroll","background-type":"","background-media":"","overlay-type":"","overlay-color":"","overlay-opacity":"","overlay-gradient":""},"mobile":{"background-color":"var(--ast-global-color-5)","background-image":"","background-repeat":"repeat","background-position":"center center","background-size":"auto","background-attachment":"scroll","background-type":"","background-media":"","overlay-type":"","overlay-color":"","overlay-opacity":"","overlay-gradient":""}},"footnotes":""},"class_list":["post-1873","page","type-page","status-publish","hentry"],"_links":{"self":[{"href":"https:\/\/ditib-heidenheim.de\/tr\/wp-json\/wp\/v2\/pages\/1873","targetHints":{"allow":["GET"]}}],"collection":[{"href":"https:\/\/ditib-heidenheim.de\/tr\/wp-json\/wp\/v2\/pages"}],"about":[{"href":"https:\/\/ditib-heidenheim.de\/tr\/wp-json\/wp\/v2\/types\/page"}],"author":[{"embeddable":true,"href":"https:\/\/ditib-heidenheim.de\/tr\/wp-json\/wp\/v2\/users\/1"}],"replies":[{"embeddable":true,"href":"https:\/\/ditib-heidenheim.de\/tr\/wp-json\/wp\/v2\/comments?post=1873"}],"version-history":[{"count":44,"href":"https:\/\/ditib-heidenheim.de\/tr\/wp-json\/wp\/v2\/pages\/1873\/revisions"}],"predecessor-version":[{"id":2547,"href":"https:\/\/ditib-heidenheim.de\/tr\/wp-json\/wp\/v2\/pages\/1873\/revisions\/2547"}],"wp:attachment":[{"href":"https:\/\/ditib-heidenheim.de\/tr\/wp-json\/wp\/v2\/media?parent=1873"}],"curies":[{"name":"wp","href":"https:\/\/api.w.org\/{rel}","templated":true}]}}