{"id":1894,"date":"2024-10-24T19:42:55","date_gmt":"2024-10-24T19:42:55","guid":{"rendered":"https:\/\/ditib-heidenheim.de\/?page_id=1894"},"modified":"2024-11-20T18:44:22","modified_gmt":"2024-11-20T18:44:22","slug":"islam","status":"publish","type":"page","link":"https:\/\/ditib-heidenheim.de\/tr\/islam\/","title":{"rendered":"Dinimiz \u0130slam"},"content":{"rendered":"<div data-elementor-type=\"wp-post\" data-elementor-id=\"1894\" class=\"elementor elementor-1894\">\n\t\t\t\t<div class=\"elementor-element elementor-element-cbcf082 e-flex e-con-boxed e-con e-parent\" data-id=\"cbcf082\" data-element_type=\"container\" data-e-type=\"container\" data-settings=\"{&quot;background_background&quot;:&quot;classic&quot;}\">\n\t\t\t\t\t<div class=\"e-con-inner\">\n\t\t<div class=\"elementor-element elementor-element-53c6f6a e-con-full e-flex e-con e-child\" data-id=\"53c6f6a\" data-element_type=\"container\" data-e-type=\"container\">\n\t\t\t\t<div class=\"elementor-element elementor-element-60f397f elementor-widget elementor-widget-heading\" data-id=\"60f397f\" data-element_type=\"widget\" data-e-type=\"widget\" data-widget_type=\"heading.default\">\n\t\t\t\t\t<h1 class=\"elementor-heading-title elementor-size-default\">\u0130slam<\/h1>\t\t\t\t<\/div>\n\t\t\t\t<\/div>\n\t\t\t\t\t<\/div>\n\t\t\t\t<\/div>\n\t\t<div class=\"elementor-element elementor-element-gga6fy9 e-flex e-con-boxed e-con e-parent\" data-id=\"gga6fy9\" data-element_type=\"container\" data-e-type=\"container\">\n\t\t\t\t\t<div class=\"e-con-inner\">\n\t\t<div class=\"elementor-element elementor-element-8110956 e-con-full e-flex e-con e-child\" data-id=\"8110956\" data-element_type=\"container\" data-e-type=\"container\">\n\t\t\t\t<div class=\"elementor-element elementor-element-9dc7433 elementor-widget elementor-widget-heading\" data-id=\"9dc7433\" data-element_type=\"widget\" data-e-type=\"widget\" data-widget_type=\"heading.default\">\n\t\t\t\t\t<h2 class=\"elementor-heading-title elementor-size-default\"><span>Bir d\u00fcnya dininin temelleri<\/span><\/h2>\t\t\t\t<\/div>\n\t\t\t\t<\/div>\n\t\t<div class=\"elementor-element elementor-element-2c4fa66 e-con-full e-flex e-con e-child\" data-id=\"2c4fa66\" data-element_type=\"container\" data-e-type=\"container\">\n\t\t\t\t<div class=\"elementor-element elementor-element-12c8114 elementor-widget elementor-widget-heading\" data-id=\"12c8114\" data-element_type=\"widget\" data-e-type=\"widget\" data-widget_type=\"heading.default\">\n\t\t\t\t\t<h3 class=\"elementor-heading-title elementor-size-default\">\u0130slam, g\u00fcn\u00fcm\u00fcz Suudi Arabistan\u0131'nda, Mekke ve Medine'de b\u00fcy\u00fcyen tevhid inanc\u0131na dayal\u0131 bir d\u00fcnya dinidir.<\/h3>\t\t\t\t<\/div>\n\t\t\t\t<div class=\"elementor-element elementor-element-8a9feb6 elementor-widget elementor-widget-text-editor\" data-id=\"8a9feb6\" data-element_type=\"widget\" data-e-type=\"widget\" data-widget_type=\"text-editor.default\">\n\t\t\t\t\t\t\t\t\t<p class=\"translation-block\">\u201c\u0130slam\u201d terimi, \u2018ba\u011fl\u0131l\u0131k\u2019 veya \u2018teslimiyet\u2019 anlam\u0131na gelen Arap\u00e7a \u2018Salah\u2019 kelimesinden t\u00fcretilmi\u015ftir ve inananlar\u0131n Allah'\u0131n iradesine boyun e\u011fme konusundaki temel y\u00fck\u00fcml\u00fcl\u00fc\u011f\u00fcn\u00fc ifade eder.  \u0130slam, son peygamber olarak kabul edilen Hz. Muhammed (sav) 'in \u00f6\u011fretilerine ve 23 y\u0131l boyunca Allah'tan ald\u0131\u011f\u0131 vahiylere dayanmaktad\u0131r. Bu vahiyler, \u0130slam'\u0131n kutsal kitab\u0131 olan Kuran'da yaz\u0131l\u0131d\u0131r. Kuran, Allah'\u0131n kat\u0131ks\u0131z ve ebedi mesaj\u0131d\u0131r ve Arap\u00e7a dilinde okunur ve incelenir.<\/p>\t\t\t\t\t\t\t\t<\/div>\n\t\t\t\t<\/div>\n\t\t\t\t\t<\/div>\n\t\t\t\t<\/div>\n\t\t<div class=\"elementor-element elementor-element-6a1f0d5 e-flex e-con-boxed e-con e-parent\" data-id=\"6a1f0d5\" data-element_type=\"container\" data-e-type=\"container\">\n\t\t\t\t\t<div class=\"e-con-inner\">\n\t\t<div class=\"elementor-element elementor-element-4da3626 e-con-full e-flex e-con e-child\" data-id=\"4da3626\" data-element_type=\"container\" data-e-type=\"container\">\n\t\t\t\t<div class=\"elementor-element elementor-element-ff9cebd elementor-widget elementor-widget-heading\" data-id=\"ff9cebd\" data-element_type=\"widget\" data-e-type=\"widget\" data-widget_type=\"heading.default\">\n\t\t\t\t\t<h2 class=\"elementor-heading-title elementor-size-default translation-block\">\u0130man\u0131n ve \u0130slam\u0131n \u015eartlar\u0131<\/h2>\t\t\t\t<\/div>\n\t\t\t\t<\/div>\n\t\t<div class=\"elementor-element elementor-element-9389106 e-con-full e-flex e-con e-child\" data-id=\"9389106\" data-element_type=\"container\" data-e-type=\"container\">\n\t\t\t\t<div class=\"elementor-element elementor-element-0dc84fa elementor-widget elementor-widget-text-editor\" data-id=\"0dc84fa\" data-element_type=\"widget\" data-e-type=\"widget\" data-widget_type=\"text-editor.default\">\n\t\t\t\t\t\t\t\t\t<p class=\"translation-block\">\u0130slam'da  <a href=\"https:\/\/ditib-heidenheim.de\/tr\/glaubensgrundsaetze\/\" target=\"_self\"> iman\u0131n \u015fartlar\u0131 <\/a>  \u015funlard\u0131r: Tek bir Allah'a (Allah), meleklere, kutsal kitaplara, peygamberlere, Ahiret G\u00fcn\u00fc'ne ve kadere inanmak. Bu \u015fartlar, inanc\u0131n temel ta\u015flar\u0131n\u0131 olu\u015fturur ve M\u00fcsl\u00fcmanlar\u0131n ya\u015famlar\u0131na y\u00f6n verir.<\/p><p class=\"translation-block\">\u0130slam'\u0131n <a href=\"https:\/\/ditib-heidenheim.de\/tr\/5-saeulen\/\" target=\"_self\">be\u015f \u015fart\u0131 <\/a> olarak bilinen r\u00fck\u00fcnler \u015funlard\u0131r: Kelime-i \u015eehadet (iman ikrar\u0131), Namaz, Zek\u00e2t, Savm (Ramazan ay\u0131nda oru\u00e7 tutmak) ve Hac. Bu uygulamalar inanc\u0131 g\u00fc\u00e7lendirmeyi, topluluk duygusunu geli\u015ftirmeyi ve etik bir ya\u015fam tarz\u0131n\u0131 te\u015fvik etmeyi ama\u00e7lamaktad\u0131r.<\/p>\t\t\t\t\t\t\t\t<\/div>\n\t\t\t\t<\/div>\n\t\t\t\t\t<\/div>\n\t\t\t\t<\/div>\n\t\t<div class=\"elementor-element elementor-element-2ff90bc e-flex e-con-boxed e-con e-parent\" data-id=\"2ff90bc\" data-element_type=\"container\" data-e-type=\"container\">\n\t\t\t\t\t<div class=\"e-con-inner\">\n\t\t<div class=\"elementor-element elementor-element-ccc4260 e-con-full e-flex e-con e-child\" data-id=\"ccc4260\" data-element_type=\"container\" data-e-type=\"container\">\n\t\t\t\t<div class=\"elementor-element elementor-element-bf0bafa elementor-widget elementor-widget-heading\" data-id=\"bf0bafa\" data-element_type=\"widget\" data-e-type=\"widget\" data-widget_type=\"heading.default\">\n\t\t\t\t\t<h2 class=\"elementor-heading-title elementor-size-default\"><span>K\u00fcresel bir toplum ve de\u011ferleri<\/span><\/h2>\t\t\t\t<\/div>\n\t\t\t\t<\/div>\n\t\t<div class=\"elementor-element elementor-element-3cdf216 e-con-full e-flex e-con e-child\" data-id=\"3cdf216\" data-element_type=\"container\" data-e-type=\"container\">\n\t\t\t\t<div class=\"elementor-element elementor-element-218fc0d elementor-widget elementor-widget-text-editor\" data-id=\"218fc0d\" data-element_type=\"widget\" data-e-type=\"widget\" data-widget_type=\"text-editor.default\">\n\t\t\t\t\t\t\t\t\t<p style=\"font-size: 15px; font-style: normal;\">D\u00fcnyada 1,8 milyardan fazla M\u00fcsl\u00fcman bulunmaktad\u0131r. \u0130slam dini, d\u00fcnyan\u0131n en b\u00fcy\u00fck dinlerinden biri olup, \u00e7e\u015fitli k\u0131talara yay\u0131lm\u0131\u015ft\u0131r. \u0130slami topluluk, farkl\u0131 etnik ve k\u00fclt\u00fcrel k\u00f6kenlere sahip insanlar\u0131 bir araya getirir ve M\u00fcsl\u00fcmanlar\u0131n ya\u015famlar\u0131n\u0131 \u015fekillendiren manevi, sosyal, siyasi ve ekonomik boyutlar\u0131 i\u00e7erir.<\/p><p style=\"font-size: 15px; font-style: normal;\">\u0130slam, sadece inananlar i\u00e7in de\u011fil, t\u00fcm insanl\u0131k i\u00e7in ge\u00e7erli olan adalet, merhamet, \u015fefkat ve dayan\u0131\u015fma gibi de\u011ferleri te\u015fvik eder. M\u00fcsl\u00fcmanlar, bu de\u011ferler do\u011frultusunda toplumun refah\u0131na aktif bir \u015fekilde katk\u0131da bulunmaya ve inanc\u0131n \u00f6\u011fretilerine uygun bir ya\u015fam s\u00fcrmeye te\u015fvik edilirler.<\/p>\t\t\t\t\t\t\t\t<\/div>\n\t\t\t\t<\/div>\n\t\t\t\t\t<\/div>\n\t\t\t\t<\/div>\n\t\t<div class=\"elementor-element elementor-element-fa5aafe e-flex e-con-boxed e-con e-parent\" data-id=\"fa5aafe\" data-element_type=\"container\" data-e-type=\"container\">\n\t\t\t\t\t<div class=\"e-con-inner\">\n\t\t<div class=\"elementor-element elementor-element-07e2c9f e-con-full e-flex e-con e-child\" data-id=\"07e2c9f\" data-element_type=\"container\" data-e-type=\"container\">\n\t\t\t\t<div class=\"elementor-element elementor-element-e1e2954 elementor-widget elementor-widget-heading\" data-id=\"e1e2954\" data-element_type=\"widget\" data-e-type=\"widget\" data-widget_type=\"heading.default\">\n\t\t\t\t\t<h2 class=\"elementor-heading-title elementor-size-default\"><span>Ay takvimi \/ Hicri takvimi<\/span><\/h2>\t\t\t\t<\/div>\n\t\t\t\t<\/div>\n\t\t<div class=\"elementor-element elementor-element-8d5bf15 e-con-full e-flex e-con e-child\" data-id=\"8d5bf15\" data-element_type=\"container\" data-e-type=\"container\">\n\t\t\t\t<div class=\"elementor-element elementor-element-cd28579 elementor-widget elementor-widget-text-editor\" data-id=\"cd28579\" data-element_type=\"widget\" data-e-type=\"widget\" data-widget_type=\"text-editor.default\">\n\t\t\t\t\t\t\t\t\t<p style=\"font-size: 15px; font-style: normal;\">\u0130slam, 12 aydan olu\u015fan ve ay d\u00f6ng\u00fclerine dayanan bir takvim kullan\u0131r. Her ay 29 veya 30 g\u00fcn s\u00fcrer, bu da \u0130slam takviminde bir y\u0131l\u0131n yakla\u015f\u0131k 354 ile 355 g\u00fcn oldu\u011fu anlam\u0131na gelir; yani bu y\u0131l, G\u00fcne\u015f'e dayanan Gregoryen takvimine g\u00f6re 10 ila 12 g\u00fcn daha k\u0131sad\u0131r. Yeni ay\u0131n g\u00f6r\u00fclmesi, ay g\u00f6ky\u00fcz\u00fcnde g\u00f6r\u00fclebildi\u011fi i\u00e7in ay de\u011fi\u015fimini belirlemenin pratik bir y\u00f6ntemiydi.<\/p>\n<p style=\"font-size: 15px; font-style: normal;\">\u0130slami bayramlar\u0131n her y\u0131l 10 ila 12 g\u00fcn kaymas\u0131, y\u0131llar i\u00e7inde farkl\u0131 mevsim ve iklim ko\u015fullar\u0131ndan ge\u00e7tikleri anlam\u0131na gelir. Bu durum, M\u00fcsl\u00fcman toplumu i\u00e7indeki kutlamalar\u0131n ve geleneklerin \u00e7e\u015fitlili\u011fine katk\u0131da bulunmaktad\u0131r.<\/p>\t\t\t\t\t\t\t\t<\/div>\n\t\t\t\t<\/div>\n\t\t\t\t\t<\/div>\n\t\t\t\t<\/div>\n\t\t\t\t<\/div>","protected":false},"excerpt":{"rendered":"<p>Der islam Grundlagen einer Weltreligion Der Islam ist eine monotheistische Weltreligion, die sich in Mekka und Medina, im heutigen Saudi-Arabien, etabilierte. Der Begriff \u201eIslam\u201c leitet sich vom arabischen Wort \u201eSalah\u201c ab, was \u201eHingabe\u201c oder \u201eUnterwerfung\u201c bedeutet, und verweist auf die grundlegende Verpflichtung der Gl\u00e4ubigen, sich dem Willen Gottes, Allah, zu unterwerfen. Er gr\u00fcndet sich auf [&hellip;]<\/p>\n","protected":false},"author":1,"featured_media":0,"parent":0,"menu_order":0,"comment_status":"closed","ping_status":"closed","template":"","meta":{"site-sidebar-layout":"no-sidebar","site-content-layout":"page-builder","ast-site-content-layout":"full-width-container","site-content-style":"unboxed","site-sidebar-style":"unboxed","ast-global-header-display":"","ast-banner-title-visibility":"","ast-main-header-display":"","ast-hfb-above-header-display":"","ast-hfb-below-header-display":"","ast-hfb-mobile-header-display":"","site-post-title":"disabled","ast-breadcrumbs-content":"","ast-featured-img":"disabled","footer-sml-layout":"","ast-disable-related-posts":"","theme-transparent-header-meta":"enabled","adv-header-id-meta":"","stick-header-meta":"","header-above-stick-meta":"","header-main-stick-meta":"","header-below-stick-meta":"","astra-migrate-meta-layouts":"set","ast-page-background-enabled":"default","ast-page-background-meta":{"desktop":{"background-color":"","background-image":"","background-repeat":"repeat","background-position":"center center","background-size":"auto","background-attachment":"scroll","background-type":"","background-media":"","overlay-type":"","overlay-color":"","overlay-opacity":"","overlay-gradient":""},"tablet":{"background-color":"","background-image":"","background-repeat":"repeat","background-position":"center center","background-size":"auto","background-attachment":"scroll","background-type":"","background-media":"","overlay-type":"","overlay-color":"","overlay-opacity":"","overlay-gradient":""},"mobile":{"background-color":"","background-image":"","background-repeat":"repeat","background-position":"center center","background-size":"auto","background-attachment":"scroll","background-type":"","background-media":"","overlay-type":"","overlay-color":"","overlay-opacity":"","overlay-gradient":""}},"ast-content-background-meta":{"desktop":{"background-color":"var(--ast-global-color-5)","background-image":"","background-repeat":"repeat","background-position":"center center","background-size":"auto","background-attachment":"scroll","background-type":"","background-media":"","overlay-type":"","overlay-color":"","overlay-opacity":"","overlay-gradient":""},"tablet":{"background-color":"var(--ast-global-color-5)","background-image":"","background-repeat":"repeat","background-position":"center center","background-size":"auto","background-attachment":"scroll","background-type":"","background-media":"","overlay-type":"","overlay-color":"","overlay-opacity":"","overlay-gradient":""},"mobile":{"background-color":"var(--ast-global-color-5)","background-image":"","background-repeat":"repeat","background-position":"center center","background-size":"auto","background-attachment":"scroll","background-type":"","background-media":"","overlay-type":"","overlay-color":"","overlay-opacity":"","overlay-gradient":""}},"footnotes":""},"class_list":["post-1894","page","type-page","status-publish","hentry"],"_links":{"self":[{"href":"https:\/\/ditib-heidenheim.de\/tr\/wp-json\/wp\/v2\/pages\/1894","targetHints":{"allow":["GET"]}}],"collection":[{"href":"https:\/\/ditib-heidenheim.de\/tr\/wp-json\/wp\/v2\/pages"}],"about":[{"href":"https:\/\/ditib-heidenheim.de\/tr\/wp-json\/wp\/v2\/types\/page"}],"author":[{"embeddable":true,"href":"https:\/\/ditib-heidenheim.de\/tr\/wp-json\/wp\/v2\/users\/1"}],"replies":[{"embeddable":true,"href":"https:\/\/ditib-heidenheim.de\/tr\/wp-json\/wp\/v2\/comments?post=1894"}],"version-history":[{"count":43,"href":"https:\/\/ditib-heidenheim.de\/tr\/wp-json\/wp\/v2\/pages\/1894\/revisions"}],"predecessor-version":[{"id":2640,"href":"https:\/\/ditib-heidenheim.de\/tr\/wp-json\/wp\/v2\/pages\/1894\/revisions\/2640"}],"wp:attachment":[{"href":"https:\/\/ditib-heidenheim.de\/tr\/wp-json\/wp\/v2\/media?parent=1894"}],"curies":[{"name":"wp","href":"https:\/\/api.w.org\/{rel}","templated":true}]}}