{"id":2123,"date":"2024-10-26T12:09:59","date_gmt":"2024-10-26T12:09:59","guid":{"rendered":"https:\/\/ditib-heidenheim.de\/?page_id=2123"},"modified":"2024-11-20T18:44:34","modified_gmt":"2024-11-20T18:44:34","slug":"der-prophet","status":"publish","type":"page","link":"https:\/\/ditib-heidenheim.de\/tr\/der-prophet\/","title":{"rendered":"Hz. Muhammed (sav)"},"content":{"rendered":"\t\t<div data-elementor-type=\"wp-post\" data-elementor-id=\"2123\" class=\"elementor elementor-2123\">\n\t\t\t\t<div class=\"elementor-element elementor-element-cbcf082 e-flex e-con-boxed e-con e-parent\" data-id=\"cbcf082\" data-element_type=\"container\" data-e-type=\"container\" data-settings=\"{&quot;background_background&quot;:&quot;classic&quot;}\">\n\t\t\t\t\t<div class=\"e-con-inner\">\n\t\t<div class=\"elementor-element elementor-element-53c6f6a e-con-full e-flex e-con e-child\" data-id=\"53c6f6a\" data-element_type=\"container\" data-e-type=\"container\">\n\t\t\t\t<div class=\"elementor-element elementor-element-60f397f elementor-widget elementor-widget-heading\" data-id=\"60f397f\" data-element_type=\"widget\" data-e-type=\"widget\" data-widget_type=\"heading.default\">\n\t\t\t\t\t<h1 class=\"elementor-heading-title elementor-size-default\">Prophet Muhammed<\/h1>\t\t\t\t<\/div>\n\t\t\t\t<\/div>\n\t\t\t\t\t<\/div>\n\t\t\t\t<\/div>\n\t\t<div class=\"elementor-element elementor-element-gga6fy9 e-flex e-con-boxed e-con e-parent\" data-id=\"gga6fy9\" data-element_type=\"container\" data-e-type=\"container\">\n\t\t\t\t\t<div class=\"e-con-inner\">\n\t\t<div class=\"elementor-element elementor-element-8110956 e-con-full e-flex e-con e-child\" data-id=\"8110956\" data-element_type=\"container\" data-e-type=\"container\">\n\t\t\t\t<div class=\"elementor-element elementor-element-9dc7433 elementor-widget elementor-widget-heading\" data-id=\"9dc7433\" data-element_type=\"widget\" data-e-type=\"widget\" data-widget_type=\"heading.default\">\n\t\t\t\t\t<h2 class=\"elementor-heading-title elementor-size-default\">Die Kindheit und Jugend von Muhammad <h3>(Friede und Segen auf ihm)<\/h3>\n\n\n\n\n\n<\/h2>\t\t\t\t<\/div>\n\t\t\t\t<\/div>\n\t\t<div class=\"elementor-element elementor-element-2c4fa66 e-con-full e-flex e-con e-child\" data-id=\"2c4fa66\" data-element_type=\"container\" data-e-type=\"container\">\n\t\t\t\t<div class=\"elementor-element elementor-element-8a9feb6 elementor-widget elementor-widget-text-editor\" data-id=\"8a9feb6\" data-element_type=\"widget\" data-e-type=\"widget\" data-widget_type=\"text-editor.default\">\n\t\t\t\t\t\t\t\t\t<p>Der Prophet Muhammad wurde um das Jahr 570 in Mekka als Waise geboren, da sein Vater Abdullah bereits vor seiner Geburt starb. Um sicherzustellen, dass er in seinen fr\u00fchen Jahren die bestm\u00f6gliche Pflege erhielt, brachte seine Mutter, Amina, ihn zu seiner Milchmutter Halime, einer Frau aus dem Stamm der Banu Sa&#8217;d. In dieser Zeit war es \u00fcblich, Kinder in l\u00e4ndlichen Gegenden aufzuziehen, um eine gesunde Entwicklung zu f\u00f6rdern. Halime k\u00fcmmerte sich liebevoll um Muhammad und behandelte ihn wie ihr eigenes Kind, was einen nachhaltigen Einfluss auf seine Kindheit hatte.<\/p><p>Als seine Mutter Amina, starb, war Muhammad erst sechs Jahre alt. Nach ihrem Tod \u00fcbernahm sein Gro\u00dfvater, Abdul Muttalib, die Verantwortung f\u00fcr ihn, gefolgt von seinem Onkel, Abu Talib. Trotz dieser schwierigen Umst\u00e4nde bl\u00fchte Muhammad in seiner Jugend auf und arbeitete als Kaufmann. Er erwarb sich den Ruf eines ehrlichen und vertrauensw\u00fcrdigen Mannes, was ihm den Beinamen &#8222;Al-Amin&#8220; (der Vertrauensw\u00fcrdige) einbrachte.<\/p>\t\t\t\t\t\t\t\t<\/div>\n\t\t\t\t<\/div>\n\t\t\t\t\t<\/div>\n\t\t\t\t<\/div>\n\t\t<div class=\"elementor-element elementor-element-6a1f0d5 e-flex e-con-boxed e-con e-parent\" data-id=\"6a1f0d5\" data-element_type=\"container\" data-e-type=\"container\">\n\t\t\t\t\t<div class=\"e-con-inner\">\n\t\t<div class=\"elementor-element elementor-element-4da3626 e-con-full e-flex e-con e-child\" data-id=\"4da3626\" data-element_type=\"container\" data-e-type=\"container\">\n\t\t\t\t<div class=\"elementor-element elementor-element-ff9cebd elementor-widget elementor-widget-heading\" data-id=\"ff9cebd\" data-element_type=\"widget\" data-e-type=\"widget\" data-widget_type=\"heading.default\">\n\t\t\t\t\t<h2 class=\"elementor-heading-title elementor-size-default\">Die Ehe von Prophet Muhammad  mit Khadija und die ersten Offenbarungen<\/h2>\t\t\t\t<\/div>\n\t\t\t\t<\/div>\n\t\t<div class=\"elementor-element elementor-element-9389106 e-con-full e-flex e-con e-child\" data-id=\"9389106\" data-element_type=\"container\" data-e-type=\"container\">\n\t\t\t\t<div class=\"elementor-element elementor-element-0dc84fa elementor-widget elementor-widget-text-editor\" data-id=\"0dc84fa\" data-element_type=\"widget\" data-e-type=\"widget\" data-widget_type=\"text-editor.default\">\n\t\t\t\t\t\t\t\t\t<p>Mit etwa 25 Jahren heiratete der Prophet Muhammad Khadija, eine wohlhabende Witwe, die ihm nicht nur als Ehefrau, sondern auch als gesch\u00e4ftliche Partnerin zur Seite stand. Khadija war die erste Person, die den Islam annahm, als Muhammad im Jahr 610 die erste Offenbarung des Koran erhielt.<\/p><p>Diese Offenbarung kam durch den Engel Gabriel, und sie markierte den Beginn seiner Prophetent\u00e4tigkeit. Muhammad wurde aufgefordert, den Monotheismus zu predigen und die Menschen von der Anbetung von G\u00f6tzen abzubringen. Anfangs war seine Botschaft auf die Familie und enge Freunde beschr\u00e4nkt, aber mit der Zeit gewann er immer mehr Anh\u00e4nger, was auch zu Widerstand seitens der Quraisch f\u00fchrte, der herrschenden Oberschicht von Mekka.<\/p>\t\t\t\t\t\t\t\t<\/div>\n\t\t\t\t<\/div>\n\t\t\t\t\t<\/div>\n\t\t\t\t<\/div>\n\t\t<div class=\"elementor-element elementor-element-2ff90bc e-flex e-con-boxed e-con e-parent\" data-id=\"2ff90bc\" data-element_type=\"container\" data-e-type=\"container\">\n\t\t\t\t\t<div class=\"e-con-inner\">\n\t\t<div class=\"elementor-element elementor-element-ccc4260 e-con-full e-flex e-con e-child\" data-id=\"ccc4260\" data-element_type=\"container\" data-e-type=\"container\">\n\t\t\t\t<div class=\"elementor-element elementor-element-bf0bafa elementor-widget elementor-widget-heading\" data-id=\"bf0bafa\" data-element_type=\"widget\" data-e-type=\"widget\" data-widget_type=\"heading.default\">\n\t\t\t\t\t<h2 class=\"elementor-heading-title elementor-size-default\">Verfolgung der fr\u00fchen Muslime und die Hidschra nach Medina<\/h2>\t\t\t\t<\/div>\n\t\t\t\t<\/div>\n\t\t<div class=\"elementor-element elementor-element-3cdf216 e-con-full e-flex e-con e-child\" data-id=\"3cdf216\" data-element_type=\"container\" data-e-type=\"container\">\n\t\t\t\t<div class=\"elementor-element elementor-element-218fc0d elementor-widget elementor-widget-text-editor\" data-id=\"218fc0d\" data-element_type=\"widget\" data-e-type=\"widget\" data-widget_type=\"text-editor.default\">\n\t\t\t\t\t\t\t\t\t<p>Die Verfolgung der fr\u00fchen Muslime nahm im Laufe der Zeit erheblich zu. Viele Muslime sahen sich sozialer Isolation ausgesetzt, w\u00e4hrend sie gleichzeitig unter erheblichem wirtschaftlichem Druck litten. Diese Diskriminierung und der Druck von der herrschenden Quraisch-Elite in Mekka f\u00fchrten dazu, dass viele Gl\u00e4ubige in ihrer Freiheit eingeschr\u00e4nkt wurden. Sie wurden h\u00e4ufig beleidigt und k\u00f6rperlich angegriffen.<\/p><p>Angesichts dieser bedr\u00e4ngten Lage kam es im Jahr 622 zur Hidschra, der Auswanderung nach Medina. Dort baute der Prophet eine muslimische Gemeinschaft auf, die auf den Prinzipien des Islam basierte. Um den neuen Gemeinschaftsmitgliedern Sicherheit und Stabilit\u00e4t zu bieten, schloss er Vertr\u00e4ge mit verschiedenen St\u00e4mmen und Gruppen in der Stadt. Diese Vereinbarungen f\u00f6rderten den Frieden und sicherten das Zusammenleben.<\/p><p>Durch seine F\u00fchrungsst\u00e4rke und Weitsicht wurde Medina zu einem Zentrum des Islam, wo sich die Glaubensgemeinschaft festigte und wuchs. Der Prophet k\u00fcmmerte sich nicht nur um die religi\u00f6sen Aspekte, sondern auch um die soziale und politische Organisation der Gemeinschaft, was die Grundlage f\u00fcr das zuk\u00fcnftige islamische Gemeinwesen bildete.<\/p>\t\t\t\t\t\t\t\t<\/div>\n\t\t\t\t<\/div>\n\t\t\t\t\t<\/div>\n\t\t\t\t<\/div>\n\t\t<div class=\"elementor-element elementor-element-fa5aafe e-flex e-con-boxed e-con e-parent\" data-id=\"fa5aafe\" data-element_type=\"container\" data-e-type=\"container\">\n\t\t\t\t\t<div class=\"e-con-inner\">\n\t\t<div class=\"elementor-element elementor-element-07e2c9f e-con-full e-flex e-con e-child\" data-id=\"07e2c9f\" data-element_type=\"container\" data-e-type=\"container\">\n\t\t\t\t<div class=\"elementor-element elementor-element-e1e2954 elementor-widget elementor-widget-heading\" data-id=\"e1e2954\" data-element_type=\"widget\" data-e-type=\"widget\" data-widget_type=\"heading.default\">\n\t\t\t\t\t<h2 class=\"elementor-heading-title elementor-size-default\">Konflikte mit den Mekkanern und die R\u00fcckkehr nach Mekka<\/h2>\t\t\t\t<\/div>\n\t\t\t\t<\/div>\n\t\t<div class=\"elementor-element elementor-element-8d5bf15 e-con-full e-flex e-con e-child\" data-id=\"8d5bf15\" data-element_type=\"container\" data-e-type=\"container\">\n\t\t\t\t<div class=\"elementor-element elementor-element-cd28579 elementor-widget elementor-widget-text-editor\" data-id=\"cd28579\" data-element_type=\"widget\" data-e-type=\"widget\" data-widget_type=\"text-editor.default\">\n\t\t\t\t\t\t\t\t\t<div class=\"flex-shrink-0 flex flex-col relative items-end\"><div><div class=\"pt-0\"><div class=\"gizmo-bot-avatar flex h-8 w-8 items-center justify-center overflow-hidden rounded-full\"><span style=\"font-style: inherit; font-weight: inherit; background-color: var(--ast-global-color-4); color: var(--ast-global-color-3);\">Nachdem sie nach Medina ausgewandert waren, zeigten die Quraisch und andere Mekkaner weiterhin eine feindliche Haltung gegen\u00fcber den Muslimen. W\u00e4hrend die islamische Gemeinschaft in Medina an St\u00e4rke gewann, f\u00fchrte der fortw\u00e4hrende Angriff und die wirtschaftliche Blockade durch die Mekkaner zu einer zunehmenden Spannungen.<\/span><\/div><\/div><\/div><\/div><div class=\"group\/conversation-turn relative flex w-full min-w-0 flex-col agent-turn\"><div class=\"flex-col gap-1 md:gap-3\"><div class=\"flex max-w-full flex-col flex-grow\"><div class=\"min-h-8 text-message flex w-full flex-col items-end gap-2 whitespace-normal break-words [.text-message+&amp;]:mt-5\" dir=\"auto\" data-message-author-role=\"assistant\" data-message-id=\"ffa4ef22-cfda-48f2-bac8-abc9a46ec5d1\" data-message-model-slug=\"gpt-4o-mini\"><div class=\"flex w-full flex-col gap-1 empty:hidden first:pt-[3px]\"><div class=\"markdown prose w-full break-words dark:prose-invert dark\"><p>Ein bemerkenswertes Beispiel f\u00fcr diese Konflikte war die Schlacht von Badr im Jahr 624. Die Muslime errangen in dieser Schlacht einen entscheidenden Sieg \u00fcber die Mekkaner, was ihr Selbstvertrauen st\u00e4rkte. Dennoch hielten die Konflikte an, und die Schlacht von Uhud im Jahr 625 brachte schwere Verluste f\u00fcr die Muslime mit sich.<\/p><p>Schlie\u00dflich wurde im Jahr 628 der Vertrag von Hudaybiyyah unterzeichnet. Dieser Vertrag stellte einen Frieden zwischen beiden Seiten her und gew\u00e4hrte den Muslimen das Recht, die Kaaba zu besuchen. Dieser Frieden hielt jedoch nicht lange an, und die Quraisch brachen den Vertrag, was die Muslime erneut zum Handeln bewegte.<\/p><p>630 eroberten sie Mekka und traten in die Stadt ein. Dieser Sieg war ein historischer Wendepunkt f\u00fcr die Verbreitung des Islams. Die Anf\u00fchrer der Quraisch gaben auf, und der Islam etablierte sich in Mekka. Als der Prophet die Stadt betrat, zerst\u00f6rte er viele G\u00f6tzenbilder und festigte den Glauben an den Monotheismus, wodurch Mekka eine neue religi\u00f6se Bedeutung erhielt.<\/p><\/div><\/div><\/div><\/div><\/div><\/div>\t\t\t\t\t\t\t\t<\/div>\n\t\t\t\t<\/div>\n\t\t\t\t\t<\/div>\n\t\t\t\t<\/div>\n\t\t<div class=\"elementor-element elementor-element-5ad1aaa e-flex e-con-boxed e-con e-parent\" data-id=\"5ad1aaa\" data-element_type=\"container\" data-e-type=\"container\">\n\t\t\t\t\t<div class=\"e-con-inner\">\n\t\t<div class=\"elementor-element elementor-element-a4d1cab e-con-full e-flex e-con e-child\" data-id=\"a4d1cab\" data-element_type=\"container\" data-e-type=\"container\">\n\t\t\t\t<div class=\"elementor-element elementor-element-cda7ba6 elementor-widget elementor-widget-heading\" data-id=\"cda7ba6\" data-element_type=\"widget\" data-e-type=\"widget\" data-widget_type=\"heading.default\">\n\t\t\t\t\t<h2 class=\"elementor-heading-title elementor-size-default\">Die sozialen Lehren und das Verm\u00e4chtnis vom Propheten Muhammad <h3>(Friede und Segen auf ihm) <\/h3><\/h2>\t\t\t\t<\/div>\n\t\t\t\t<\/div>\n\t\t<div class=\"elementor-element elementor-element-5752287 e-con-full e-flex e-con e-child\" data-id=\"5752287\" data-element_type=\"container\" data-e-type=\"container\">\n\t\t\t\t<div class=\"elementor-element elementor-element-9bf40e0 elementor-widget elementor-widget-text-editor\" data-id=\"9bf40e0\" data-element_type=\"widget\" data-e-type=\"widget\" data-widget_type=\"text-editor.default\">\n\t\t\t\t\t\t\t\t\t<p>Der Prophet Muhammad setzte sich nicht nur f\u00fcr religi\u00f6se Belange ein, sondern auch f\u00fcr soziale Gerechtigkeit. Er predigte gegen Ungerechtigkeit, Armut und Unterdr\u00fcckung und forderte Gleichheit f\u00fcr alle Menschen. Seine Lehren \u00fcber Barmherzigkeit, N\u00e4chstenliebe und Vergebung sind bis heute zentral im Islam.<\/p><p>In seinen Ansprachen und Lehren betonte er mehrfach die Bedeutung des Schutzes der Frauen und ihre Rechte. Er forderte die Muslime auf, Frauen mit Respekt zu behandeln und ihre W\u00fcrde zu wahren.<\/p><p>Die letzten Jahre seines Lebens verbrachte er damit, die Gemeinschaft zu festigen und die Prinzipien des Islam zu verbreiten. Er hielt die letzte Pilgerfahrt, die Hadsch, im Jahr 632, w\u00e4hrend der er seine ber\u00fchmte Abschiedspredigt hielt.<\/p><p>Nach seinem Tod im Jahr 632 hinterlie\u00df der Prophet Muhammad eine lebendige und wachsende Gemeinschaft, die als Ummah bekannt ist. Diese Gemeinschaft war gepr\u00e4gt von den Lehren des Islam, die Muhammad in seinen letzten Jahren festigte. Um die Einheit und den Fortbestand der Gemeinschaft zu gew\u00e4hrleisten, wurden seine engsten Gef\u00e4hrten, die Sahabah, zu F\u00fchrungspers\u00f6nlichkeiten.<\/p><p>Sein Leben und seine Lehren sind ein Leitfaden f\u00fcr Millionen von Menschen weltweit und bilden bis heute die Grundlage f\u00fcr die islamische Zivilisation und Kultur.<\/p>\t\t\t\t\t\t\t\t<\/div>\n\t\t\t\t<\/div>\n\t\t\t\t\t<\/div>\n\t\t\t\t<\/div>\n\t\t\t\t<\/div>\n\t\t","protected":false},"excerpt":{"rendered":"<p>Prophet Muhammed Die Kindheit und Jugend von Muhammad (Friede und Segen auf ihm) Der Prophet Muhammad wurde um das Jahr 570 in Mekka als Waise geboren, da sein Vater Abdullah bereits vor seiner Geburt starb. Um sicherzustellen, dass er in seinen fr\u00fchen Jahren die bestm\u00f6gliche Pflege erhielt, brachte seine Mutter, Amina, ihn zu seiner Milchmutter [&hellip;]<\/p>\n","protected":false},"author":1,"featured_media":0,"parent":0,"menu_order":0,"comment_status":"closed","ping_status":"closed","template":"","meta":{"site-sidebar-layout":"no-sidebar","site-content-layout":"page-builder","ast-site-content-layout":"full-width-container","site-content-style":"unboxed","site-sidebar-style":"unboxed","ast-global-header-display":"","ast-banner-title-visibility":"","ast-main-header-display":"","ast-hfb-above-header-display":"","ast-hfb-below-header-display":"","ast-hfb-mobile-header-display":"","site-post-title":"disabled","ast-breadcrumbs-content":"","ast-featured-img":"disabled","footer-sml-layout":"","ast-disable-related-posts":"","theme-transparent-header-meta":"enabled","adv-header-id-meta":"","stick-header-meta":"","header-above-stick-meta":"","header-main-stick-meta":"","header-below-stick-meta":"","astra-migrate-meta-layouts":"set","ast-page-background-enabled":"default","ast-page-background-meta":{"desktop":{"background-color":"","background-image":"","background-repeat":"repeat","background-position":"center center","background-size":"auto","background-attachment":"scroll","background-type":"","background-media":"","overlay-type":"","overlay-color":"","overlay-opacity":"","overlay-gradient":""},"tablet":{"background-color":"","background-image":"","background-repeat":"repeat","background-position":"center center","background-size":"auto","background-attachment":"scroll","background-type":"","background-media":"","overlay-type":"","overlay-color":"","overlay-opacity":"","overlay-gradient":""},"mobile":{"background-color":"","background-image":"","background-repeat":"repeat","background-position":"center center","background-size":"auto","background-attachment":"scroll","background-type":"","background-media":"","overlay-type":"","overlay-color":"","overlay-opacity":"","overlay-gradient":""}},"ast-content-background-meta":{"desktop":{"background-color":"var(--ast-global-color-5)","background-image":"","background-repeat":"repeat","background-position":"center center","background-size":"auto","background-attachment":"scroll","background-type":"","background-media":"","overlay-type":"","overlay-color":"","overlay-opacity":"","overlay-gradient":""},"tablet":{"background-color":"var(--ast-global-color-5)","background-image":"","background-repeat":"repeat","background-position":"center center","background-size":"auto","background-attachment":"scroll","background-type":"","background-media":"","overlay-type":"","overlay-color":"","overlay-opacity":"","overlay-gradient":""},"mobile":{"background-color":"var(--ast-global-color-5)","background-image":"","background-repeat":"repeat","background-position":"center center","background-size":"auto","background-attachment":"scroll","background-type":"","background-media":"","overlay-type":"","overlay-color":"","overlay-opacity":"","overlay-gradient":""}},"footnotes":""},"class_list":["post-2123","page","type-page","status-publish","hentry"],"_links":{"self":[{"href":"https:\/\/ditib-heidenheim.de\/tr\/wp-json\/wp\/v2\/pages\/2123","targetHints":{"allow":["GET"]}}],"collection":[{"href":"https:\/\/ditib-heidenheim.de\/tr\/wp-json\/wp\/v2\/pages"}],"about":[{"href":"https:\/\/ditib-heidenheim.de\/tr\/wp-json\/wp\/v2\/types\/page"}],"author":[{"embeddable":true,"href":"https:\/\/ditib-heidenheim.de\/tr\/wp-json\/wp\/v2\/users\/1"}],"replies":[{"embeddable":true,"href":"https:\/\/ditib-heidenheim.de\/tr\/wp-json\/wp\/v2\/comments?post=2123"}],"version-history":[{"count":74,"href":"https:\/\/ditib-heidenheim.de\/tr\/wp-json\/wp\/v2\/pages\/2123\/revisions"}],"predecessor-version":[{"id":2538,"href":"https:\/\/ditib-heidenheim.de\/tr\/wp-json\/wp\/v2\/pages\/2123\/revisions\/2538"}],"wp:attachment":[{"href":"https:\/\/ditib-heidenheim.de\/tr\/wp-json\/wp\/v2\/media?parent=2123"}],"curies":[{"name":"wp","href":"https:\/\/api.w.org\/{rel}","templated":true}]}}