{"id":2248,"date":"2024-10-27T19:47:10","date_gmt":"2024-10-27T19:47:10","guid":{"rendered":"https:\/\/ditib-heidenheim.de\/?page_id=2248"},"modified":"2026-01-13T20:18:04","modified_gmt":"2026-01-13T20:18:04","slug":"datenschutz","status":"publish","type":"page","link":"https:\/\/ditib-heidenheim.de\/tr\/datenschutz\/","title":{"rendered":"Veri koruma"},"content":{"rendered":"<div data-elementor-type=\"wp-post\" data-elementor-id=\"2248\" class=\"elementor elementor-2248\">\n\t\t\t\t<div class=\"elementor-element elementor-element-cbcf082 e-flex e-con-boxed e-con e-parent\" data-id=\"cbcf082\" data-element_type=\"container\" data-e-type=\"container\" data-settings=\"{&quot;background_background&quot;:&quot;classic&quot;}\">\n\t\t\t\t\t<div class=\"e-con-inner\">\n\t\t<div class=\"elementor-element elementor-element-53c6f6a e-con-full e-flex e-con e-child\" data-id=\"53c6f6a\" data-element_type=\"container\" data-e-type=\"container\">\n\t\t\t\t<div class=\"elementor-element elementor-element-60f397f elementor-widget elementor-widget-heading\" data-id=\"60f397f\" data-element_type=\"widget\" data-e-type=\"widget\" data-widget_type=\"heading.default\">\n\t\t\t\t\t<h1 class=\"elementor-heading-title elementor-size-default\">Veri koruma<\/h1>\t\t\t\t<\/div>\n\t\t\t\t<\/div>\n\t\t\t\t\t<\/div>\n\t\t\t\t<\/div>\n\t\t<div class=\"elementor-element elementor-element-3vdjnsy e-flex e-con-boxed e-con e-parent\" data-id=\"3vdjnsy\" data-element_type=\"container\" data-e-type=\"container\" data-settings=\"{&quot;background_background&quot;:&quot;classic&quot;}\">\n\t\t\t\t\t<div class=\"e-con-inner\">\n\t\t<div class=\"elementor-element elementor-element-0865bb8 e-con-full e-flex e-con e-child\" data-id=\"0865bb8\" data-element_type=\"container\" data-e-type=\"container\">\n\t\t<div class=\"elementor-element elementor-element-16a9bfb e-con-full e-flex e-con e-child\" data-id=\"16a9bfb\" data-element_type=\"container\" data-e-type=\"container\">\n\t\t<div class=\"elementor-element elementor-element-fb261f8 e-con-full e-flex e-con e-child\" data-id=\"fb261f8\" data-element_type=\"container\" data-e-type=\"container\">\n\t\t\t\t<div class=\"elementor-element elementor-element-adfc1c8 elementor-widget elementor-widget-image-box\" data-id=\"adfc1c8\" data-element_type=\"widget\" data-e-type=\"widget\" data-widget_type=\"image-box.default\">\n\t\t\t\t\t<div class=\"elementor-image-box-wrapper\"><div class=\"elementor-image-box-content\"><p class=\"elementor-image-box-description\"><strong>Datenschutzerkl\u00e4rung<\/strong>\n<br><br>\n<strong>1. Datenschutz auf einen Blick<\/strong>\n<br><br>\n<strong>Allgemeine Hinweise<\/strong>\n<br>Die folgenden Hinweise geben einen einfachen \u00dcberblick dar\u00fcber, was mit Ihren personenbezogenen Daten passiert, wenn Sie diese Website besuchen. Personenbezogene Daten sind alle Daten, mit denen Sie pers\u00f6nlich identifiziert werden k\u00f6nnen. Ausf\u00fchrliche Informationen zum Thema Datenschutz entnehmen Sie unserer unter diesem Text aufgef\u00fchrten Datenschutzerkl\u00e4rung.\n<br><br>\n<strong>Datenerfassung auf dieser Website<\/strong>\n<br>Die Datenverarbeitung auf dieser Website erfolgt durch den Websitebetreiber. Dessen Kontaktdaten k\u00f6nnen Sie dem Abschnitt \u201eHinweis zur Verantwortlichen Stelle\u201c in dieser Datenschutzerkl\u00e4rung entnehmen.\n<br><br>\n<strong>Wie erfassen wir Ihre Daten?<\/strong>\n<br>Ihre Daten werden zum einen dadurch erhoben, dass Sie uns diese mitteilen. Hierbei kann es sich z. B. um Daten handeln, die Sie in ein Kontaktformular eingeben. Andere Daten werden automatisch oder nach Ihrer Einwilligung beim Besuch der Website durch unsere IT-Systeme erfasst. Das sind vor allem technische Daten (z. B. Internetbrowser, Betriebssystem oder Uhrzeit des Seitenaufrufs).\n<br><br>\n<hr>\n<br>\n<strong>2. Verantwortliche Stelle<\/strong>\n<br><br>\nDie verantwortliche Stelle f\u00fcr die Datenverarbeitung auf dieser Website ist:\n<br><br>\n<strong>DITIB T\u00fcrkisch Islamische Gemeinde zu Heidenheim e.V.<\/strong>\n<br>Muradiye Moschee\n<br>DITIB \u00dcye No: 1295-BW.WB\n<br>Steinbeis Str. 14\n<br>89518 Heidenheim\n<br><br>\n<strong>Vertreten durch den Vorstand:<\/strong>\n<br>1. Vorstand: Kadir Duman\n<br>2. Vorstand: Fatih Ergovan\n<br><br>\n<strong>Kontakt:<\/strong>\n<br>Telefon: 0171 493 40 10\n<br>Fax: 07321 \/ 943029\n<br>E-Mail: info@ditib-heidenheim.de\n<br><br>\nVerantwortliche Stelle ist die nat\u00fcrliche oder juristische Person, die allein oder gemeinsam mit anderen \u00fcber die Zwecke und Mittel der Verarbeitung von personenbezogenen Daten (z. B. Namen, E-Mail-Adressen o. \u00c4.) entscheidet.\n<br><br>\n<hr>\n<br>\n<strong>3. Allgemeine Hinweise und Pflichtinformationen<\/strong>\n<br><br>\n<strong>Widerruf Ihrer Einwilligung zur Datenverarbeitung<\/strong>\n<br>Viele Datenverarbeitungsvorg\u00e4nge sind nur mit Ihrer ausdr\u00fccklichen Einwilligung m\u00f6glich. Sie k\u00f6nnen eine bereits erteilte Einwilligung jederzeit widerrufen. Die Rechtm\u00e4\u00dfigkeit der bis zum Widerruf erfolgten Datenverarbeitung bleibt vom Widerruf unber\u00fchrt.\n<br><br>\n<strong>Widerspruchsrecht gegen die Datenerhebung in besonderen F\u00e4llen sowie gegen Direktwerbung (Art. 21 DSGVO)<\/strong>\n<br>WENN DIE DATENVERARBEITUNG AUF GRUNDLAGE VON ART. 6 ABS. 1 LIT. E ODER F DSGVO ERFOLGT, HABEN SIE JEDERZEIT DAS RECHT, AUS GR\u00dcNDEN, DIE SICH AUS IHRER BESONDEREN SITUATION ERGEBEN, GEGEN DIE VERARBEITUNG IHRER PERSONENBEZOGENEN DATEN WIDERSPRUCH EINZULEGEN.\n<br><br>\n<strong>Beschwerderecht bei der zust\u00e4ndigen Aufsichtsbeh\u00f6rde<\/strong>\n<br>Im Falle von Verst\u00f6\u00dfen gegen die DSGVO steht den Betroffenen ein Beschwerderecht bei einer Aufsichtsbeh\u00f6rde zu.\n<br><br>\n<strong>SSL- bzw. TLS-Verschl\u00fcsselung<\/strong>\n<br>Diese Seite nutzt aus Sicherheitsgr\u00fcnden und zum Schutz der \u00dcbertragung vertraulicher Inhalte, wie zum Beispiel Anfragen, die Sie an uns als Seitenbetreiber senden, eine SSL- bzw. TLS-Verschl\u00fcsselung. Eine verschl\u00fcsselte Verbindung erkennen Sie am Schloss-Symbol in Ihrer Browserzeile.\n<br><br>\n<hr>\n<br>\n<strong>4. Hosting und Server-Log-Dateien<\/strong>\n<br><br>\n<strong>Externes Hosting (IONOS)<\/strong>\n<br>Diese Website wird bei dem externen Dienstleister IONOS gehostet (IONOS SE, Elgendorfer Str. 57, 56410 Montabaur). Die personenbezogenen Daten, die auf dieser Website erfasst werden, werden auf den Servern des Hosters gespeichert. Der Einsatz des Hosters erfolgt zum Zwecke der Vertragserf\u00fcllung (Art. 6 Abs. 1 lit. b DSGVO) und im Interesse einer sicheren Bereitstellung unseres Online-Angebots (Art. 6 Abs. 1 lit. f DSGVO).\n<br><br>\n<strong>Auftragsverarbeitung<\/strong>\n<br>Wir haben einen Vertrag \u00fcber Auftragsverarbeitung (AVV) mit IONOS geschlossen, um die Sicherheit Ihrer Daten zu gew\u00e4hrleisten.\n<br><br>\n<strong>Server-Log-Dateien<\/strong>\n<br>Der Provider der Seiten erhebt und speichert automatisch Informationen in sogenannten Server-Log-Dateien (Browser, Uhrzeit, IP-Adresse). Grundlage f\u00fcr die Datenverarbeitung ist Art. 6 Abs. 1 lit. f DSGVO.\n<br><br>\n<hr>\n<br>\n<strong>5. Spezielle Datenverarbeitung f\u00fcr Vereine und Religionsgemeinschaften<\/strong>\n<br><br>\n<strong>Verarbeitung besonderer Kategorien von Daten (Art. 9 DSGVO)<\/strong>\n<br>Da wir eine religi\u00f6se Gemeinde sind, verarbeiten wir im Rahmen von Mitgliedsantr\u00e4gen oder religi\u00f6sen Dienstleistungen Daten, aus denen Ihre religi\u00f6se \u00dcberzeugung hervorgeht. Die Verarbeitung erfolgt auf Grundlage von Art. 9 Abs. 2 lit. d DSGVO. Eine Weitergabe dieser Daten an Dritte erfolgt nicht ohne Ihre Einwilligung.\n<br><br>\n<strong>Mitgliedsantr\u00e4ge und Verwaltung<\/strong>\n<br>Die von Ihnen im Mitgliedsantrag angegebenen Daten werden zur Verwaltung der Mitgliedschaft und Kommunikation verarbeitet (Art. 6 Abs. 1 lit. b DSGVO).\n<br><br>\n<hr>\n<br>\n<strong>6. Cookies und funktionale Elemente<\/strong>\n<br><br>\n<strong>Einwilligung zu Cookies<\/strong>\n<br>Unsere Website nutzt Cookies. Technisch notwendige Cookies werden auf Grundlage von \u00a7 25 Abs. 2 TDDDG gesetzt. Andere Cookies (z.B. f\u00fcr Maps) erfordern Ihre Einwilligung gem\u00e4\u00df \u00a7 25 Abs. 1 TDDDG i.V.m. Art. 6 Abs. 1 lit. a DSGVO.\n<br><br>\n<strong>Elektronische Gebetszeiten und Diyanet-Widgets<\/strong>\n<br>Auf unserer Website binden wir funktionale Elemente (Widgets) und Inhalte der Diyanet (T\u00fcrkisch Islamische Union der Anstalt f\u00fcr Religion e.V. \/ Diyanet \u0130\u015fleri Ba\u015fkanl\u0131\u011f\u0131) ein, beispielsweise zur Anzeige aktueller Gebetszeiten oder religi\u00f6ser Kalenderdaten.\n<br>Damit diese Inhalte angezeigt werden, baut Ihr Browser eine direkte Verbindung zu den Servern des Anbieters auf. Hierbei wird Ihre IP-Adresse \u00fcbertragen. Dies erfolgt auf Grundlage unseres berechtigten Interesses an der Information unserer Gemeinde (Art. 6 Abs. 1 lit. f DSGVO). Soweit Daten in die T\u00fcrkei (Drittland) \u00fcbermittelt werden, geschieht dies auf Basis der Erforderlichkeit oder entsprechender Garantien.\n<br><br>\n<hr>\n<br>\n<strong>7. Drittanbieter und Karten<\/strong>\n<br><br>\n<strong>Google Maps<\/strong>\n<br>Diese Seite nutzt den Kartendienst Google Maps (Google Ireland Limited). Zur Nutzung der Funktionen ist es notwendig, Ihre IP-Adresse zu speichern und an Google-Server (ggf. in den USA) zu \u00fcbertragen. Die Nutzung erfolgt im Interesse einer leichten Auffindbarkeit unserer Moschee (Art. 6 Abs. 1 lit. f DSGVO). Datenschutzerkl\u00e4rung: <a href=\"https:\/\/policies.google.com\/privacy\" target=\"_blank\">https:\/\/policies.google.com\/privacy<\/a>.\n<br><br>\n<hr>\n<br>\n<strong>8. Zahlungsdienste und Spenden<\/strong>\n<br><br>\n<strong>PayPal<\/strong>\n<br>Auf unserer Website bieten wir u.a. die Bezahlung bzw. Spende via PayPal an. Anbieter dieses Zahlungsdienstes ist die PayPal (Europe) S.\u00e0.r.l. et Cie, S.C.A., 22-24 Boulevard Royal, L-2449 Luxembourg (im Folgenden \u201ePayPal\u201c).\n<br><br>\nWenn Sie die Bezahlung via PayPal ausw\u00e4hlen, werden die von Ihnen eingegebenen Zahlungsdaten an PayPal \u00fcbermittelt. Die \u00dcbermittlung Ihrer Daten an PayPal erfolgt auf Grundlage von Art. 6 Abs. 1 lit. a DSGVO (Einwilligung) und Art. 6 Abs. 1 lit. b DSGVO (Verarbeitung zur Erf\u00fcllung eines Vertrags). Sie haben die M\u00f6glichkeit, Ihre Einwilligung zur Datenverarbeitung jederzeit zu widerrufen.\n<br>Bitte beachten Sie, dass PayPal ggf. eine Bonit\u00e4tsauskunft durchf\u00fchrt. Datenschutzerkl\u00e4rung von PayPal: <a href=\"https:\/\/www.paypal.com\/de\/webapps\/mpp\/ua\/privacy-full\" target=\"_blank\">https:\/\/www.paypal.com\/de\/webapps\/mpp\/ua\/privacy-full<\/a>.\n<br><br>\n<hr>\n<br>\n<strong>9. Soziale Medien und Kommunikation<\/strong>\n<br><br>\n<strong>Instagram, Facebook &amp; WhatsApp<\/strong>\n<br>Unsere Website verlinkt zu unseren Profilen auf sozialen Netzwerken. Bei der Nutzung dieser Dienste werden Daten au\u00dferhalb der EU verarbeitet.\n<br><br>\n<strong>WhatsApp-Kontakt<\/strong>\n<br>Sofern Sie uns \u00fcber WhatsApp kontaktieren, erfolgt dies freiwillig. WhatsApp (Meta Platforms Inc.) erfasst Metadaten der Kommunikation. Die Rechtsgrundlage f\u00fcr die Bearbeitung Ihrer Anfrage ist Ihre Einwilligung durch Kontaktaufnahme (Art. 6 Abs. 1 lit. a DSGVO).\n<br><br>\n<hr>\n<br>\n<strong>10. Fotos und Videoaufnahmen<\/strong>\n<br><br>\nIm Rahmen unserer Veranstaltungen werden Fotos zur Dokumentation des Gemeindelebens erstellt.\n<br><strong>Rechtsgrundlage:<\/strong> Art. 6 Abs. 1 lit. f DSGVO (Berechtigtes Interesse bei \u00f6ffentlichen Veranstaltungen) oder Art. 6 Abs. 1 lit. a DSGVO (Einwilligung bei Portr\u00e4ts).\n<br><strong>Widerspruch:<\/strong> Sie k\u00f6nnen der Ver\u00f6ffentlichung jederzeit per E-Mail an info@ditib-heidenheim.de widersprechen.\n<br><br>\n<hr>\n<br>\n<strong>11. Ihre Betroffenenrechte<\/strong>\n<br><br>\nSie haben jederzeit das Recht auf <strong>Auskunft<\/strong>, <strong>Berichtigung<\/strong>, <strong>L\u00f6schung<\/strong>, <strong>Einschr\u00e4nkung der Verarbeitung<\/strong> sowie auf <strong>Daten\u00fcbertragbarkeit<\/strong>. Zudem k\u00f6nnen Sie erteilte Einwilligungen jederzeit widerrufen.\n<br><br>\n<hr>\n<br>\n<strong>12. Speicherdauer<\/strong>\n<br><br>\nWir speichern Ihre Daten nur so lange, wie es f\u00fcr den Zweck erforderlich ist (z.B. Dauer der Mitgliedschaft) oder gesetzliche Aufbewahrungsfristen (z.B. 10 Jahre f\u00fcr steuerliche Belege bei Spenden\/Beitr\u00e4gen) dies verlangen.\n<br><br>\nStand: Januar 2026<\/p><\/div><\/div>\t\t\t\t<\/div>\n\t\t\t\t<\/div>\n\t\t\t\t<\/div>\n\t\t\t\t<\/div>\n\t\t\t\t\t<\/div>\n\t\t\t\t<\/div>\n\t\t\t\t<\/div>","protected":false},"excerpt":{"rendered":"<p>Datenschutz Datenschutzerkl\u00e4rung 1. Datenschutz auf einen Blick Allgemeine Hinweise Die folgenden Hinweise geben einen einfachen \u00dcberblick dar\u00fcber, was mit Ihren personenbezogenen Daten passiert, wenn Sie diese Website besuchen. Personenbezogene Daten sind alle Daten, mit denen Sie pers\u00f6nlich identifiziert werden k\u00f6nnen. Ausf\u00fchrliche Informationen zum Thema Datenschutz entnehmen Sie unserer unter diesem Text aufgef\u00fchrten Datenschutzerkl\u00e4rung. Datenerfassung auf [&hellip;]<\/p>\n","protected":false},"author":1,"featured_media":0,"parent":0,"menu_order":0,"comment_status":"closed","ping_status":"closed","template":"","meta":{"site-sidebar-layout":"no-sidebar","site-content-layout":"page-builder","ast-site-content-layout":"full-width-container","site-content-style":"unboxed","site-sidebar-style":"unboxed","ast-global-header-display":"","ast-banner-title-visibility":"","ast-main-header-display":"","ast-hfb-above-header-display":"","ast-hfb-below-header-display":"","ast-hfb-mobile-header-display":"","site-post-title":"disabled","ast-breadcrumbs-content":"","ast-featured-img":"disabled","footer-sml-layout":"","ast-disable-related-posts":"","theme-transparent-header-meta":"enabled","adv-header-id-meta":"","stick-header-meta":"","header-above-stick-meta":"","header-main-stick-meta":"","header-below-stick-meta":"","astra-migrate-meta-layouts":"set","ast-page-background-enabled":"default","ast-page-background-meta":{"desktop":{"background-color":"","background-image":"","background-repeat":"repeat","background-position":"center center","background-size":"auto","background-attachment":"scroll","background-type":"","background-media":"","overlay-type":"","overlay-color":"","overlay-opacity":"","overlay-gradient":""},"tablet":{"background-color":"","background-image":"","background-repeat":"repeat","background-position":"center center","background-size":"auto","background-attachment":"scroll","background-type":"","background-media":"","overlay-type":"","overlay-color":"","overlay-opacity":"","overlay-gradient":""},"mobile":{"background-color":"","background-image":"","background-repeat":"repeat","background-position":"center center","background-size":"auto","background-attachment":"scroll","background-type":"","background-media":"","overlay-type":"","overlay-color":"","overlay-opacity":"","overlay-gradient":""}},"ast-content-background-meta":{"desktop":{"background-color":"var(--ast-global-color-5)","background-image":"","background-repeat":"repeat","background-position":"center center","background-size":"auto","background-attachment":"scroll","background-type":"","background-media":"","overlay-type":"","overlay-color":"","overlay-opacity":"","overlay-gradient":""},"tablet":{"background-color":"var(--ast-global-color-5)","background-image":"","background-repeat":"repeat","background-position":"center center","background-size":"auto","background-attachment":"scroll","background-type":"","background-media":"","overlay-type":"","overlay-color":"","overlay-opacity":"","overlay-gradient":""},"mobile":{"background-color":"var(--ast-global-color-5)","background-image":"","background-repeat":"repeat","background-position":"center center","background-size":"auto","background-attachment":"scroll","background-type":"","background-media":"","overlay-type":"","overlay-color":"","overlay-opacity":"","overlay-gradient":""}},"footnotes":""},"class_list":["post-2248","page","type-page","status-publish","hentry"],"_links":{"self":[{"href":"https:\/\/ditib-heidenheim.de\/tr\/wp-json\/wp\/v2\/pages\/2248","targetHints":{"allow":["GET"]}}],"collection":[{"href":"https:\/\/ditib-heidenheim.de\/tr\/wp-json\/wp\/v2\/pages"}],"about":[{"href":"https:\/\/ditib-heidenheim.de\/tr\/wp-json\/wp\/v2\/types\/page"}],"author":[{"embeddable":true,"href":"https:\/\/ditib-heidenheim.de\/tr\/wp-json\/wp\/v2\/users\/1"}],"replies":[{"embeddable":true,"href":"https:\/\/ditib-heidenheim.de\/tr\/wp-json\/wp\/v2\/comments?post=2248"}],"version-history":[{"count":19,"href":"https:\/\/ditib-heidenheim.de\/tr\/wp-json\/wp\/v2\/pages\/2248\/revisions"}],"predecessor-version":[{"id":2730,"href":"https:\/\/ditib-heidenheim.de\/tr\/wp-json\/wp\/v2\/pages\/2248\/revisions\/2730"}],"wp:attachment":[{"href":"https:\/\/ditib-heidenheim.de\/tr\/wp-json\/wp\/v2\/media?parent=2248"}],"curies":[{"name":"wp","href":"https:\/\/api.w.org\/{rel}","templated":true}]}}