{"id":954,"date":"2024-09-24T19:21:34","date_gmt":"2024-09-24T19:21:34","guid":{"rendered":"https:\/\/ditib-heidenheim.de\/about\/"},"modified":"2024-12-01T18:20:00","modified_gmt":"2024-12-01T18:20:00","slug":"about","status":"publish","type":"page","link":"https:\/\/ditib-heidenheim.de\/tr\/about\/","title":{"rendered":"Muradiye Cami"},"content":{"rendered":"<div data-elementor-type=\"wp-post\" data-elementor-id=\"954\" class=\"elementor elementor-954\">\n\t\t\t\t<div class=\"elementor-element elementor-element-cbcf082 e-flex e-con-boxed e-con e-parent\" data-id=\"cbcf082\" data-element_type=\"container\" data-e-type=\"container\" data-settings=\"{&quot;background_background&quot;:&quot;classic&quot;}\">\n\t\t\t\t\t<div class=\"e-con-inner\">\n\t\t<div class=\"elementor-element elementor-element-53c6f6a e-con-full e-flex e-con e-child\" data-id=\"53c6f6a\" data-element_type=\"container\" data-e-type=\"container\">\n\t\t\t\t<div class=\"elementor-element elementor-element-60f397f elementor-widget elementor-widget-heading\" data-id=\"60f397f\" data-element_type=\"widget\" data-e-type=\"widget\" data-widget_type=\"heading.default\">\n\t\t\t\t\t<h1 class=\"elementor-heading-title elementor-size-default\">Muradiye cami<\/h1>\t\t\t\t<\/div>\n\t\t\t\t<\/div>\n\t\t\t\t\t<\/div>\n\t\t\t\t<\/div>\n\t\t<div class=\"elementor-element elementor-element-6841cc4 e-flex e-con-boxed e-con e-parent\" data-id=\"6841cc4\" data-element_type=\"container\" data-e-type=\"container\">\n\t\t\t\t\t<div class=\"e-con-inner\">\n\t\t<div class=\"elementor-element elementor-element-8110956 e-con-full e-flex e-con e-child\" data-id=\"8110956\" data-element_type=\"container\" data-e-type=\"container\">\n\t\t\t\t<div class=\"elementor-element elementor-element-876c1ed elementor-widget elementor-widget-heading\" data-id=\"876c1ed\" data-element_type=\"widget\" data-e-type=\"widget\" data-widget_type=\"heading.default\">\n\t\t\t\t\t<h5 class=\"elementor-heading-title elementor-size-default\">Kurulu\u015f<\/h5>\t\t\t\t<\/div>\n\t\t\t\t<div class=\"elementor-element elementor-element-9dc7433 elementor-widget__width-initial elementor-widget elementor-widget-heading\" data-id=\"9dc7433\" data-element_type=\"widget\" data-e-type=\"widget\" data-widget_type=\"heading.default\">\n\t\t\t\t\t<h2 class=\"elementor-heading-title elementor-size-default\">Cami cemaatimizin geli\u015fimi: Kurulu\u015ftan yeni yap\u0131ya uzanan yol<\/h2>\t\t\t\t<\/div>\n\t\t\t\t<\/div>\n\t\t<div class=\"elementor-element elementor-element-2c4fa66 e-con-full e-flex e-con e-child\" data-id=\"2c4fa66\" data-element_type=\"container\" data-e-type=\"container\">\n\t\t\t\t<div class=\"elementor-element elementor-element-8a9feb6 elementor-widget elementor-widget-text-editor\" data-id=\"8a9feb6\" data-element_type=\"widget\" data-e-type=\"widget\" data-widget_type=\"text-editor.default\">\n\t\t\t\t\t\t\t\t\t<p>Cemaatimizin ba\u015flang\u0131c\u0131, Heidenheim ve \u00e7evresinde Wilhelmstra\u00dfe'deki k\u00fc\u00e7\u00fck bir binan\u0131n ikinci ve \u00fc\u00e7\u00fcnc\u00fc katlar\u0131nda dairelerin kiralanmas\u0131yla ba\u015flam\u0131\u015ft\u0131r. Giderek zorla\u015fan ko\u015fullar ve s\u00fcrekli artan \u00fcye say\u0131s\u0131 nedeniyle, bu mek\u00e2nlar k\u0131sa s\u00fcrede yetersiz kalm\u0131\u015ft\u0131r. Bundan dolay\u0131, 1987 y\u0131l\u0131nda cemaate sabit bir bulu\u015fma noktas\u0131 sa\u011flayan D\u0130T\u0130B Merkezi kurulmu\u015ftur.<\/p><p>1990'l\u0131 y\u0131llarda, merkezin yan\u0131nda bulunan bir arsa ile birlikte eski bir fabrika binas\u0131 sat\u0131n al\u0131narak merkezde \u00f6nemli bir d\u00f6n\u00fc\u015f\u00fcm ya\u015fand\u0131. Bu yeni y\u00f6nelim, merkezin bir camiye d\u00f6n\u00fc\u015ft\u00fcr\u00fclmesini sa\u011flad\u0131 ve bu cami, bug\u00fcn de Kur'an kurslar\u0131, lokal ve yan binalarda konaklama yeri olarak hizmet vermektedir.<\/p><p>Geni\u015fleme, 2020 y\u0131l\u0131nda alt\u0131 daireli bir binayla birlikte biti\u015fikteki arsan\u0131n sat\u0131n al\u0131nmas\u0131yla devam etti. A\u011fustos 2024'te yeni bir cami in\u015faat\u0131n\u0131n ba\u015flang\u0131c\u0131 i\u00e7in d\u00fc\u011fmeye bas\u0131ld\u0131 ve bu caminin 2026 y\u0131l\u0131nda tamamlanmas\u0131 hedefleniyor. Bu yeni yap\u0131, eski caminin art\u0131k yetersiz ve eskimi\u015f olmas\u0131 nedeniyle b\u00fcy\u00fcyen cemaatin ihtiya\u00e7lar\u0131n\u0131 kar\u015f\u0131lamak i\u00e7in gereklidir. Sadece 19 \u00fcyeyle ba\u015flayan cemaatimiz, zaman i\u00e7inde Heidenheim b\u00f6lgesinin en b\u00fcy\u00fck derneklerinden biri haline geldi.<\/p>\t\t\t\t\t\t\t\t<\/div>\n\t\t\t\t<\/div>\n\t\t\t\t\t<\/div>\n\t\t\t\t<\/div>\n\t\t<div class=\"elementor-element elementor-element-bf31e0b e-flex e-con-boxed e-con e-parent\" data-id=\"bf31e0b\" data-element_type=\"container\" data-e-type=\"container\">\n\t\t\t\t\t<div class=\"e-con-inner\">\n\t\t<div class=\"elementor-element elementor-element-89f59a4 e-con-full e-flex e-con e-child\" data-id=\"89f59a4\" data-element_type=\"container\" data-e-type=\"container\">\n\t\t\t\t<div class=\"elementor-element elementor-element-8e65ed7 elementor-widget elementor-widget-heading\" data-id=\"8e65ed7\" data-element_type=\"widget\" data-e-type=\"widget\" data-widget_type=\"heading.default\">\n\t\t\t\t\t<h5 class=\"elementor-heading-title elementor-size-default\">Y\u00f6netim kurulu<\/h5>\t\t\t\t<\/div>\n\t\t\t\t<div class=\"elementor-element elementor-element-c23c598 elementor-widget__width-initial elementor-widget elementor-widget-heading\" data-id=\"c23c598\" data-element_type=\"widget\" data-e-type=\"widget\" data-widget_type=\"heading.default\">\n\t\t\t\t\t<h2 class=\"elementor-heading-title elementor-size-default\">2024 - 2026<\/h2>\t\t\t\t<\/div>\n\t\t\t\t<\/div>\n\t\t<div class=\"elementor-element elementor-element-a5f6c1d e-con-full e-flex e-con e-child\" data-id=\"a5f6c1d\" data-element_type=\"container\" data-e-type=\"container\">\n\t\t\t\t<div class=\"elementor-element elementor-element-afd87a9 elementor-widget elementor-widget-text-editor\" data-id=\"afd87a9\" data-element_type=\"widget\" data-e-type=\"widget\" data-widget_type=\"text-editor.default\">\n\t\t\t\t\t\t\t\t\t<p><strong>Kadir Duman\u00a0<\/strong>1. Ba\u015fkan<br \/><strong>Fatih Ergovan\u00a0<\/strong>2. Ba\u015fkan<br \/><strong>Meral Demircioglu\u00a0<\/strong>2. Ba\u015fkan<br \/><strong>Tuba Birinci\u00a0<\/strong>Muhasebeci<br \/><strong>Cihan Tikir\u00a0<\/strong>Edit\u00f6r ekibi<br \/><strong>Ali Eraltun\u00a0<\/strong>\u00dcye<br \/><strong>Ali Dogan\u00a0<\/strong>Cami in\u015faat\u0131 b\u00f6l\u00fcm\u00fc<br \/><strong>Ayten Demir\u00f6z\u00a0<\/strong>Kad\u0131nlar Kurulu Ba\u015fkan\u0131<br \/><strong>Ali Karahan\u00a0<\/strong>Veliler Derne\u011fi Y\u00f6netimi<br \/><strong>Ali Ihsan Topcu\u00a0<\/strong>Gen\u00e7lik B\u00f6l\u00fcm\u00fc G\u00f6revlisi<br \/><strong>Deniz Baytem\u00fcr\u00a0<\/strong>Gen\u00e7lik Kurulu Ba\u015fkan\u0131<br \/><strong>Nevra Uzunoglan\u00a0<\/strong><span style=\"font-size: 1rem;\">Gen\u00e7lik Kurulu Ba\u015fkan\u0131\u00a0<\/span><\/p>\t\t\t\t\t\t\t\t<\/div>\n\t\t\t\t<\/div>\n\t\t\t\t\t<\/div>\n\t\t\t\t<\/div>\n\t\t<div class=\"elementor-element elementor-element-1217944 e-flex e-con-boxed e-con e-parent\" data-id=\"1217944\" data-element_type=\"container\" data-e-type=\"container\" data-settings=\"{&quot;background_background&quot;:&quot;classic&quot;}\">\n\t\t\t\t\t<div class=\"e-con-inner\">\n\t\t<div class=\"elementor-element elementor-element-993c077 e-con-full e-flex e-con e-child\" data-id=\"993c077\" data-element_type=\"container\" data-e-type=\"container\">\n\t\t\t\t<div class=\"elementor-element elementor-element-e9f594c elementor-widget elementor-widget-heading\" data-id=\"e9f594c\" data-element_type=\"widget\" data-e-type=\"widget\" data-widget_type=\"heading.default\">\n\t\t\t\t\t<h3 class=\"elementor-heading-title elementor-size-default\">\u0130n\u015faat i\u00e7in ba\u011f\u0131\u015f <\/h3>\t\t\t\t<\/div>\n\t\t\t\t<\/div>\n\t\t<div class=\"elementor-element elementor-element-489eb27 e-con-full e-flex e-con e-child\" data-id=\"489eb27\" data-element_type=\"container\" data-e-type=\"container\">\n\t\t\t\t<div class=\"elementor-element elementor-element-34c77f2 elementor-align-right elementor-mobile-align-center elementor-widget elementor-widget-button\" data-id=\"34c77f2\" data-element_type=\"widget\" data-e-type=\"widget\" data-widget_type=\"button.default\">\n\t\t\t\t\t\t\t\t\t\t<a class=\"elementor-button elementor-button-link elementor-size-sm\" href=\"https:\/\/www.paypal.com\/donate\/?hosted_button_id=4KZ2AJC5GZBSL\">\n\t\t\t\t\t\t<span class=\"elementor-button-content-wrapper\">\n\t\t\t\t\t\t\t\t\t<span class=\"elementor-button-text\">\u015eimdi ba\u011f\u0131\u015f yap\u0131n<\/span>\n\t\t\t\t\t<\/span>\n\t\t\t\t\t<\/a>\n\t\t\t\t\t\t\t\t<\/div>\n\t\t\t\t<\/div>\n\t\t\t\t\t<\/div>\n\t\t\t\t<\/div>\n\t\t\t\t<\/div>","protected":false},"excerpt":{"rendered":"<p>dIE MOSCHEE Die Gr\u00fcndung Die Entwicklung unserer Moscheegemeinde: Von den Anf\u00e4ngen bis zum Neubau Die Anf\u00e4nge der Gemeinde reichen zur\u00fcck bis zu dem Zeitpunkt, als in Heidenheim und Umgebung Wohnungen im zweiten und dritten Stock eines kleinen Geb\u00e4udes in der Wilhelmstra\u00dfe angemietet wurden. Unter zunehmend schwierigen Bedingungen und angesichts der stetig wachsenden Mitgliederzahl erwiesen sich [&hellip;]<\/p>\n","protected":false},"author":1,"featured_media":0,"parent":0,"menu_order":0,"comment_status":"closed","ping_status":"closed","template":"","meta":{"site-sidebar-layout":"no-sidebar","site-content-layout":"page-builder","ast-site-content-layout":"full-width-container","site-content-style":"unboxed","site-sidebar-style":"unboxed","ast-global-header-display":"","ast-banner-title-visibility":"","ast-main-header-display":"","ast-hfb-above-header-display":"","ast-hfb-below-header-display":"","ast-hfb-mobile-header-display":"","site-post-title":"disabled","ast-breadcrumbs-content":"","ast-featured-img":"disabled","footer-sml-layout":"","ast-disable-related-posts":"","theme-transparent-header-meta":"enabled","adv-header-id-meta":"","stick-header-meta":"","header-above-stick-meta":"","header-main-stick-meta":"","header-below-stick-meta":"","astra-migrate-meta-layouts":"set","ast-page-background-enabled":"default","ast-page-background-meta":{"desktop":{"background-color":"","background-image":"","background-repeat":"repeat","background-position":"center center","background-size":"auto","background-attachment":"scroll","background-type":"","background-media":"","overlay-type":"","overlay-color":"","overlay-opacity":"","overlay-gradient":""},"tablet":{"background-color":"","background-image":"","background-repeat":"repeat","background-position":"center center","background-size":"auto","background-attachment":"scroll","background-type":"","background-media":"","overlay-type":"","overlay-color":"","overlay-opacity":"","overlay-gradient":""},"mobile":{"background-color":"","background-image":"","background-repeat":"repeat","background-position":"center center","background-size":"auto","background-attachment":"scroll","background-type":"","background-media":"","overlay-type":"","overlay-color":"","overlay-opacity":"","overlay-gradient":""}},"ast-content-background-meta":{"desktop":{"background-color":"var(--ast-global-color-5)","background-image":"","background-repeat":"repeat","background-position":"center center","background-size":"auto","background-attachment":"scroll","background-type":"","background-media":"","overlay-type":"","overlay-color":"","overlay-opacity":"","overlay-gradient":""},"tablet":{"background-color":"var(--ast-global-color-5)","background-image":"","background-repeat":"repeat","background-position":"center center","background-size":"auto","background-attachment":"scroll","background-type":"","background-media":"","overlay-type":"","overlay-color":"","overlay-opacity":"","overlay-gradient":""},"mobile":{"background-color":"var(--ast-global-color-5)","background-image":"","background-repeat":"repeat","background-position":"center center","background-size":"auto","background-attachment":"scroll","background-type":"","background-media":"","overlay-type":"","overlay-color":"","overlay-opacity":"","overlay-gradient":""}},"footnotes":""},"class_list":["post-954","page","type-page","status-publish","hentry"],"_links":{"self":[{"href":"https:\/\/ditib-heidenheim.de\/tr\/wp-json\/wp\/v2\/pages\/954","targetHints":{"allow":["GET"]}}],"collection":[{"href":"https:\/\/ditib-heidenheim.de\/tr\/wp-json\/wp\/v2\/pages"}],"about":[{"href":"https:\/\/ditib-heidenheim.de\/tr\/wp-json\/wp\/v2\/types\/page"}],"author":[{"embeddable":true,"href":"https:\/\/ditib-heidenheim.de\/tr\/wp-json\/wp\/v2\/users\/1"}],"replies":[{"embeddable":true,"href":"https:\/\/ditib-heidenheim.de\/tr\/wp-json\/wp\/v2\/comments?post=954"}],"version-history":[{"count":26,"href":"https:\/\/ditib-heidenheim.de\/tr\/wp-json\/wp\/v2\/pages\/954\/revisions"}],"predecessor-version":[{"id":2697,"href":"https:\/\/ditib-heidenheim.de\/tr\/wp-json\/wp\/v2\/pages\/954\/revisions\/2697"}],"wp:attachment":[{"href":"https:\/\/ditib-heidenheim.de\/tr\/wp-json\/wp\/v2\/media?parent=954"}],"curies":[{"name":"wp","href":"https:\/\/api.w.org\/{rel}","templated":true}]}}