{"id":963,"date":"2024-09-24T19:21:35","date_gmt":"2024-09-24T19:21:35","guid":{"rendered":"https:\/\/ditib-heidenheim.de\/services\/"},"modified":"2024-11-20T18:44:56","modified_gmt":"2024-11-20T18:44:56","slug":"services","status":"publish","type":"page","link":"https:\/\/ditib-heidenheim.de\/tr\/services\/","title":{"rendered":"Bilgi portal\u0131"},"content":{"rendered":"<div data-elementor-type=\"wp-post\" data-elementor-id=\"963\" class=\"elementor elementor-963\">\n\t\t\t\t<div class=\"elementor-element elementor-element-627553f e-flex e-con-boxed e-con e-parent\" data-id=\"627553f\" data-element_type=\"container\" data-e-type=\"container\" data-settings=\"{&quot;background_background&quot;:&quot;classic&quot;}\">\n\t\t\t\t\t<div class=\"e-con-inner\">\n\t\t<div class=\"elementor-element elementor-element-422be9b e-con-full e-flex e-con e-child\" data-id=\"422be9b\" data-element_type=\"container\" data-e-type=\"container\">\n\t\t\t\t<div class=\"elementor-element elementor-element-e4b4478 elementor-widget elementor-widget-heading\" data-id=\"e4b4478\" data-element_type=\"widget\" data-e-type=\"widget\" data-widget_type=\"heading.default\">\n\t\t\t\t\t<h1 class=\"elementor-heading-title elementor-size-default\">Bilgi portal\u0131<\/h1>\t\t\t\t<\/div>\n\t\t\t\t<\/div>\n\t\t\t\t\t<\/div>\n\t\t\t\t<\/div>\n\t\t<div class=\"elementor-element elementor-element-ad9132b e-flex e-con-boxed e-con e-parent\" data-id=\"ad9132b\" data-element_type=\"container\" data-e-type=\"container\" data-settings=\"{&quot;background_background&quot;:&quot;classic&quot;}\">\n\t\t\t\t\t<div class=\"e-con-inner\">\n\t\t<div class=\"elementor-element elementor-element-b8387a7 e-con-full e-flex e-con e-child\" data-id=\"b8387a7\" data-element_type=\"container\" data-e-type=\"container\" data-settings=\"{&quot;background_background&quot;:&quot;classic&quot;}\">\n\t\t\t\t<div class=\"elementor-element elementor-element-4569e92 elementor-widget elementor-widget-heading\" data-id=\"4569e92\" data-element_type=\"widget\" data-e-type=\"widget\" data-widget_type=\"heading.default\">\n\t\t\t\t\t<h2 class=\"elementor-heading-title elementor-size-default\">Hizmetler<\/h2>\t\t\t\t<\/div>\n\t\t<div class=\"elementor-element elementor-element-df3dbbe e-con-full e-flex e-con e-child\" data-id=\"df3dbbe\" data-element_type=\"container\" data-e-type=\"container\">\n\t\t<div class=\"elementor-element elementor-element-2c74636 e-con-full e-flex e-con e-child\" data-id=\"2c74636\" data-element_type=\"container\" data-e-type=\"container\">\n\t\t\t\t<div class=\"elementor-element elementor-element-a51b40a elementor-widget elementor-widget-image-box\" data-id=\"a51b40a\" data-element_type=\"widget\" data-e-type=\"widget\" data-widget_type=\"image-box.default\">\n\t\t\t\t\t<div class=\"elementor-image-box-wrapper\"><div class=\"elementor-image-box-content\"><h4 class=\"elementor-image-box-title\"><a href=\"https:\/\/ditib-heidenheim.de\/wp-content\/uploads\/2024\/09\/UeyelikFORMUenyeniOeNarka_240925_211845.pdf\" target=\"_blank\">\u00dcye ol<\/a><\/h4><p class=\"elementor-image-box-description\">Cami cemaatimizin bir par\u00e7as\u0131 olun - sizinle tan\u0131\u015fmak i\u00e7in sab\u0131rs\u0131zlan\u0131yoruz!\n\n\n\n\n\n\n<\/p><\/div><\/div>\t\t\t\t<\/div>\n\t\t\t\t<div class=\"elementor-element elementor-element-5d1a2f0 elementor-align-center elementor-widget elementor-widget-button\" data-id=\"5d1a2f0\" data-element_type=\"widget\" data-e-type=\"widget\" data-widget_type=\"button.default\">\n\t\t\t\t\t\t\t\t\t\t<a class=\"elementor-button elementor-button-link elementor-size-sm\" href=\"https:\/\/ditib-heidenheim.de\/wp-content\/uploads\/2024\/09\/UeyelikFORMUenyeniOeNarka_240925_211845.pdf\" target=\"_blank\">\n\t\t\t\t\t\t<span class=\"elementor-button-content-wrapper\">\n\t\t\t\t\t\t\t\t\t<span class=\"elementor-button-text\">PDF'i indir<\/span>\n\t\t\t\t\t<\/span>\n\t\t\t\t\t<\/a>\n\t\t\t\t\t\t\t\t<\/div>\n\t\t\t\t<div class=\"elementor-element elementor-element-72ae45f elementor-widget-divider--view-line elementor-widget elementor-widget-divider\" data-id=\"72ae45f\" data-element_type=\"widget\" data-e-type=\"widget\" data-widget_type=\"divider.default\">\n\t\t\t\t\t\t\t<div class=\"elementor-divider\">\n\t\t\t<span class=\"elementor-divider-separator\">\n\t\t\t\t\t\t<\/span>\n\t\t<\/div>\n\t\t\t\t\t\t<\/div>\n\t\t\t\t<div class=\"elementor-element elementor-element-f63c824 elementor-widget elementor-widget-image-box\" data-id=\"f63c824\" data-element_type=\"widget\" data-e-type=\"widget\" data-widget_type=\"image-box.default\">\n\t\t\t\t\t<div class=\"elementor-image-box-wrapper\"><div class=\"elementor-image-box-content\"><h4 class=\"elementor-image-box-title\">Cenaze bilgileri<\/h4><p class=\"elementor-image-box-description\">Cenazelerle ilgili sorular\u0131n\u0131z m\u0131 var? Bu zorlu d\u00f6nemde ihtiyac\u0131n\u0131z olan t\u00fcm \u00f6nemli bilgileri ve destekleri burada bulacaks\u0131n\u0131z.<\/p><\/div><\/div>\t\t\t\t<\/div>\n\t\t\t\t<div class=\"elementor-element elementor-element-0e2d795 elementor-align-center elementor-widget elementor-widget-button\" data-id=\"0e2d795\" data-element_type=\"widget\" data-e-type=\"widget\" data-widget_type=\"button.default\">\n\t\t\t\t\t\t\t\t\t\t<a class=\"elementor-button elementor-button-link elementor-size-sm\" href=\"https:\/\/www.ditib.de\/default1.php?id=14&#038;sid=14&#038;lang=de\" target=\"_blank\">\n\t\t\t\t\t\t<span class=\"elementor-button-content-wrapper\">\n\t\t\t\t\t\t\t\t\t<span class=\"elementor-button-text\">\u015eimdi bilgilendir<\/span>\n\t\t\t\t\t<\/span>\n\t\t\t\t\t<\/a>\n\t\t\t\t\t\t\t\t<\/div>\n\t\t\t\t<\/div>\n\t\t<div class=\"elementor-element elementor-element-70db6be e-con-full e-flex e-con e-child\" data-id=\"70db6be\" data-element_type=\"container\" data-e-type=\"container\">\n\t\t\t\t<div class=\"elementor-element elementor-element-ad5b745 elementor-widget elementor-widget-image-box\" data-id=\"ad5b745\" data-element_type=\"widget\" data-e-type=\"widget\" data-widget_type=\"image-box.default\">\n\t\t\t\t\t<div class=\"elementor-image-box-wrapper\"><div class=\"elementor-image-box-content\"><h4 class=\"elementor-image-box-title\">Hac ve Umre<\/h4><p class=\"elementor-image-box-description\">Hac veya Umre hakk\u0131nda m\u0131 bilgi ar\u0131yorsunuz? Seyahatinizle ilgili ihtiya\u00e7 duydu\u011funuz her \u015feyi burada bulabilirsiniz.<\/p><\/div><\/div>\t\t\t\t<\/div>\n\t\t\t\t<div class=\"elementor-element elementor-element-4630734 elementor-align-center elementor-widget elementor-widget-button\" data-id=\"4630734\" data-element_type=\"widget\" data-e-type=\"widget\" data-widget_type=\"button.default\">\n\t\t\t\t\t\t\t\t\t\t<a class=\"elementor-button elementor-button-link elementor-size-sm\" href=\"https:\/\/www.hac-merkez.de\" target=\"_blank\">\n\t\t\t\t\t\t<span class=\"elementor-button-content-wrapper\">\n\t\t\t\t\t\t\t\t\t<span class=\"elementor-button-text\">\u015eimdi bilgilendir<\/span>\n\t\t\t\t\t<\/span>\n\t\t\t\t\t<\/a>\n\t\t\t\t\t\t\t\t<\/div>\n\t\t\t\t<div class=\"elementor-element elementor-element-ffddfa4 elementor-widget-divider--view-line elementor-widget elementor-widget-divider\" data-id=\"ffddfa4\" data-element_type=\"widget\" data-e-type=\"widget\" data-widget_type=\"divider.default\">\n\t\t\t\t\t\t\t<div class=\"elementor-divider\">\n\t\t\t<span class=\"elementor-divider-separator\">\n\t\t\t\t\t\t<\/span>\n\t\t<\/div>\n\t\t\t\t\t\t<\/div>\n\t\t\t\t<div class=\"elementor-element elementor-element-6c20d67 elementor-widget elementor-widget-image-box\" data-id=\"6c20d67\" data-element_type=\"widget\" data-e-type=\"widget\" data-widget_type=\"image-box.default\">\n\t\t\t\t\t<div class=\"elementor-image-box-wrapper\"><div class=\"elementor-image-box-content\"><h4 class=\"elementor-image-box-title\">Zekat hesaplama<\/h4><p class=\"elementor-image-box-description\">Zekat\u0131n\u0131z\u0131 hesaplama hakk\u0131nda daha fazla bilgi edinmek ister misiniz? Burada faydal\u0131 bilgiler ve do\u011fru bir \u015fekilde hesaplaman\u0131za yard\u0131mc\u0131 olacak Zekat hesaplay\u0131c\u0131m\u0131z\u0131 bulacaks\u0131n\u0131z.<\/p><\/div><\/div>\t\t\t\t<\/div>\n\t\t\t\t<div class=\"elementor-element elementor-element-98f1069 elementor-align-center elementor-widget elementor-widget-button\" data-id=\"98f1069\" data-element_type=\"widget\" data-e-type=\"widget\" data-widget_type=\"button.default\">\n\t\t\t\t\t\t\t\t\t\t<a class=\"elementor-button elementor-button-link elementor-size-sm\" href=\"https:\/\/zekathesapla.tdv.org\/\" target=\"_blank\">\n\t\t\t\t\t\t<span class=\"elementor-button-content-wrapper\">\n\t\t\t\t\t\t\t\t\t<span class=\"elementor-button-text\">\u015eimdi bilgilendir<\/span>\n\t\t\t\t\t<\/span>\n\t\t\t\t\t<\/a>\n\t\t\t\t\t\t\t\t<\/div>\n\t\t\t\t<\/div>\n\t\t\t\t<\/div>\n\t\t\t\t<\/div>\n\t\t\t\t\t<\/div>\n\t\t\t\t<\/div>\n\t\t<div class=\"elementor-element elementor-element-577fc67 e-flex e-con-boxed e-con e-parent\" data-id=\"577fc67\" data-element_type=\"container\" data-e-type=\"container\" data-settings=\"{&quot;background_background&quot;:&quot;classic&quot;}\">\n\t\t\t\t\t<div class=\"e-con-inner\">\n\t\t<div class=\"elementor-element elementor-element-5ef6334 e-con-full e-flex e-con e-child\" data-id=\"5ef6334\" data-element_type=\"container\" data-e-type=\"container\">\n\t\t\t\t<div class=\"elementor-element elementor-element-7edcecc elementor-widget elementor-widget-image-box\" data-id=\"7edcecc\" data-element_type=\"widget\" data-e-type=\"widget\" data-widget_type=\"image-box.default\">\n\t\t\t\t\t<div class=\"elementor-image-box-wrapper\"><div class=\"elementor-image-box-content\"><h2 class=\"elementor-image-box-title\">Rehberli cami turlar\u0131<\/h2><p class=\"elementor-image-box-description\">Camimizi tan\u0131mak ister misiniz? Size rehberli bir turla binam\u0131z\u0131 ve cemaatimizi tan\u0131ma f\u0131rsat\u0131 sunuyoruz. Amac\u0131m\u0131z farkl\u0131 k\u00fclt\u00fcrler ve dinler aras\u0131nda al\u0131\u015fveri\u015fi te\u015fvik etmektir, bu nedenle randevu almak i\u00e7in l\u00fctfen bizimle ileti\u015fime ge\u00e7mekten \u00e7ekinmeyin!<\/p><\/div><\/div>\t\t\t\t<\/div>\n\t\t\t\t<div class=\"elementor-element elementor-element-287e7dd elementor-widget elementor-widget-button\" data-id=\"287e7dd\" data-element_type=\"widget\" data-e-type=\"widget\" data-widget_type=\"button.default\">\n\t\t\t\t\t\t\t\t\t\t<a class=\"elementor-button elementor-button-link elementor-size-sm\" href=\"https:\/\/ditib-heidenheim.de\/tr\/contact\/\">\n\t\t\t\t\t\t<span class=\"elementor-button-content-wrapper\">\n\t\t\t\t\t\t\t\t\t<span class=\"elementor-button-text\">Talep g\u00f6nder<\/span>\n\t\t\t\t\t<\/span>\n\t\t\t\t\t<\/a>\n\t\t\t\t\t\t\t\t<\/div>\n\t\t\t\t<\/div>\n\t\t<div class=\"elementor-element elementor-element-5aa1dd2 e-con-full e-flex e-con e-child\" data-id=\"5aa1dd2\" data-element_type=\"container\" data-e-type=\"container\" data-settings=\"{&quot;background_background&quot;:&quot;classic&quot;}\">\n\t\t\t\t<div class=\"elementor-element elementor-element-c981b04 elementor-widget elementor-widget-spacer\" data-id=\"c981b04\" data-element_type=\"widget\" data-e-type=\"widget\" data-widget_type=\"spacer.default\">\n\t\t\t\t\t\t\t<div class=\"elementor-spacer\">\n\t\t\t<div class=\"elementor-spacer-inner\"><\/div>\n\t\t<\/div>\n\t\t\t\t\t\t<\/div>\n\t\t\t\t<\/div>\n\t\t\t\t\t<\/div>\n\t\t\t\t<\/div>\n\t\t<div class=\"elementor-element elementor-element-acz9jog e-flex e-con-boxed e-con e-parent\" data-id=\"acz9jog\" data-element_type=\"container\" data-e-type=\"container\">\n\t\t\t\t\t<div class=\"e-con-inner\">\n\t\t<div class=\"elementor-element elementor-element-8110956 e-con-full e-flex e-con e-child\" data-id=\"8110956\" data-element_type=\"container\" data-e-type=\"container\">\n\t\t\t\t<div class=\"elementor-element elementor-element-876c1ed elementor-widget elementor-widget-heading\" data-id=\"876c1ed\" data-element_type=\"widget\" data-e-type=\"widget\" data-widget_type=\"heading.default\">\n\t\t\t\t\t<h5 class=\"elementor-heading-title elementor-size-default\">Kuran Kurslari<\/h5>\t\t\t\t<\/div>\n\t\t\t\t<div class=\"elementor-element elementor-element-9dc7433 elementor-widget elementor-widget-heading\" data-id=\"9dc7433\" data-element_type=\"widget\" data-e-type=\"widget\" data-widget_type=\"heading.default\">\n\t\t\t\t\t<h2 class=\"elementor-heading-title elementor-size-default\">Her ya\u015f grubuna y\u00f6nelik \u00e7e\u015fitli kurslar<\/h2>\t\t\t\t<\/div>\n\t\t\t\t<\/div>\n\t\t<div class=\"elementor-element elementor-element-2c4fa66 e-con-full e-flex e-con e-child\" data-id=\"2c4fa66\" data-element_type=\"container\" data-e-type=\"container\">\n\t\t\t\t<div class=\"elementor-element elementor-element-12c8114 elementor-widget elementor-widget-heading\" data-id=\"12c8114\" data-element_type=\"widget\" data-e-type=\"widget\" data-widget_type=\"heading.default\">\n\t\t\t\t\t<h3 class=\"elementor-heading-title elementor-size-default\">Hz. Muhammed'e (sav)' e vahyedilen ilk kelime '\u0130kra' (oku!)<\/h3>\t\t\t\t<\/div>\n\t\t\t\t<div class=\"elementor-element elementor-element-8a9feb6 elementor-widget elementor-widget-text-editor\" data-id=\"8a9feb6\" data-element_type=\"widget\" data-e-type=\"widget\" data-widget_type=\"text-editor.default\">\n\t\t\t\t\t\t\t\t\t<p>ile \u0130slam'da ilim ve e\u011fitim yolculu\u011funa ba\u015fland\u0131. Bu gelenekte sizleri Kuran'\u0131 ve bilgilerini birlikte ke\u015ffetmeye ve \u00f6\u011frenmeye davet ediyoruz.<\/p>\n<p>Haftal\u0131k Kur'an kurslar\u0131m\u0131z her ya\u015ftan kad\u0131nlara, erkeklere ve \u00e7ocuklara y\u00f6neliktir ve bilgi d\u00fczeyi ne olursa olsun farkl\u0131 \u00f6\u011frenme ihtiya\u00e7lar\u0131na uyum sa\u011flan\u0131r.<\/p>\n<p class=\"translation-block\"><strong>Kad\u0131nlar<\/strong><br>Yeti\u015fkinler: Per\u015fembe, 10:00 - 12:00\n<br>\n\u00c7ocuklar (7-10 ya\u015f): Pazar, 10:00 - 12:00 ve 16:00 - 18:00 (Arife Hoca) <br>\nGen\u00e7ler: Pazar g\u00fcnleri, 12:30 - 14:30 aras\u0131<\/p>\n<p class=\"translation-block\"><strong style=\"font-style: inherit\">Erkekler<\/strong><span style=\"font-style: inherit\"><br>Pazar 10:00 - 12:30 ve 12:30 - 15:00 aras\u0131<\/span><\/p>\n<p class=\"translation-block\"><strong>Anne-\u00c7ocuk (Arife Hoca)<\/strong><br>Cuma 16:00 - 18:00 aras\u0131<\/p>\n<p class=\"translation-block\"><strong>Kurs saatleri<\/strong> ve do\u011fru grup hakk\u0131nda sorular\u0131n\u0131z varsa l\u00fctfen yerel e\u011fitmenlerimizle ileti\u015fime ge\u00e7in. Sizi ve ailenizi camimize davet etmeyi ve birlikte ilim yolunda y\u00fcr\u00fcmeyi sab\u0131rs\u0131zl\u0131kla bekliyoruz.<\/p>\n<p>&nbsp;<\/p>\n<p>&nbsp;<\/p>\t\t\t\t\t\t\t\t<\/div>\n\t\t\t\t<\/div>\n\t\t\t\t\t<\/div>\n\t\t\t\t<\/div>\n\t\t\t\t<\/div>","protected":false},"excerpt":{"rendered":"<p>infoportal Leistungen Mitglied werden Werden Sie Teil unserer Moscheegemeinschaft \u2013 wir freuen uns auf Sie! PDF-Download Bestattung Haben Sie Fragen zu Bestattungen? Hier finden Sie alle wichtigen Informationen und Unterst\u00fctzung, die Sie in dieser schwierigen Zeit ben\u00f6tigen. Jetzt informieren Hadsch und Umrah Haben Sie Interesse an Hadsch oder Umrah? Hier finden Sie alle Informationen, die [&hellip;]<\/p>\n","protected":false},"author":1,"featured_media":0,"parent":0,"menu_order":0,"comment_status":"closed","ping_status":"closed","template":"","meta":{"site-sidebar-layout":"no-sidebar","site-content-layout":"page-builder","ast-site-content-layout":"full-width-container","site-content-style":"unboxed","site-sidebar-style":"unboxed","ast-global-header-display":"","ast-banner-title-visibility":"","ast-main-header-display":"","ast-hfb-above-header-display":"","ast-hfb-below-header-display":"","ast-hfb-mobile-header-display":"","site-post-title":"disabled","ast-breadcrumbs-content":"","ast-featured-img":"disabled","footer-sml-layout":"","ast-disable-related-posts":"","theme-transparent-header-meta":"enabled","adv-header-id-meta":"","stick-header-meta":"","header-above-stick-meta":"","header-main-stick-meta":"","header-below-stick-meta":"","astra-migrate-meta-layouts":"set","ast-page-background-enabled":"default","ast-page-background-meta":{"desktop":{"background-color":"","background-image":"","background-repeat":"repeat","background-position":"center center","background-size":"auto","background-attachment":"scroll","background-type":"","background-media":"","overlay-type":"","overlay-color":"","overlay-opacity":"","overlay-gradient":""},"tablet":{"background-color":"","background-image":"","background-repeat":"repeat","background-position":"center center","background-size":"auto","background-attachment":"scroll","background-type":"","background-media":"","overlay-type":"","overlay-color":"","overlay-opacity":"","overlay-gradient":""},"mobile":{"background-color":"","background-image":"","background-repeat":"repeat","background-position":"center center","background-size":"auto","background-attachment":"scroll","background-type":"","background-media":"","overlay-type":"","overlay-color":"","overlay-opacity":"","overlay-gradient":""}},"ast-content-background-meta":{"desktop":{"background-color":"var(--ast-global-color-5)","background-image":"","background-repeat":"repeat","background-position":"center center","background-size":"auto","background-attachment":"scroll","background-type":"","background-media":"","overlay-type":"","overlay-color":"","overlay-opacity":"","overlay-gradient":""},"tablet":{"background-color":"var(--ast-global-color-5)","background-image":"","background-repeat":"repeat","background-position":"center center","background-size":"auto","background-attachment":"scroll","background-type":"","background-media":"","overlay-type":"","overlay-color":"","overlay-opacity":"","overlay-gradient":""},"mobile":{"background-color":"var(--ast-global-color-5)","background-image":"","background-repeat":"repeat","background-position":"center center","background-size":"auto","background-attachment":"scroll","background-type":"","background-media":"","overlay-type":"","overlay-color":"","overlay-opacity":"","overlay-gradient":""}},"footnotes":""},"class_list":["post-963","page","type-page","status-publish","hentry"],"_links":{"self":[{"href":"https:\/\/ditib-heidenheim.de\/tr\/wp-json\/wp\/v2\/pages\/963","targetHints":{"allow":["GET"]}}],"collection":[{"href":"https:\/\/ditib-heidenheim.de\/tr\/wp-json\/wp\/v2\/pages"}],"about":[{"href":"https:\/\/ditib-heidenheim.de\/tr\/wp-json\/wp\/v2\/types\/page"}],"author":[{"embeddable":true,"href":"https:\/\/ditib-heidenheim.de\/tr\/wp-json\/wp\/v2\/users\/1"}],"replies":[{"embeddable":true,"href":"https:\/\/ditib-heidenheim.de\/tr\/wp-json\/wp\/v2\/comments?post=963"}],"version-history":[{"count":86,"href":"https:\/\/ditib-heidenheim.de\/tr\/wp-json\/wp\/v2\/pages\/963\/revisions"}],"predecessor-version":[{"id":2657,"href":"https:\/\/ditib-heidenheim.de\/tr\/wp-json\/wp\/v2\/pages\/963\/revisions\/2657"}],"wp:attachment":[{"href":"https:\/\/ditib-heidenheim.de\/tr\/wp-json\/wp\/v2\/media?parent=963"}],"curies":[{"name":"wp","href":"https:\/\/api.w.org\/{rel}","templated":true}]}}